{"id":18,"date":"2014-12-08T17:12:17","date_gmt":"2014-12-08T17:12:17","guid":{"rendered":"http:\/\/greenfilmshooting.net\/blog\/de\/?page_id=18"},"modified":"2018-06-03T20:57:41","modified_gmt":"2018-06-03T20:57:41","slug":"impressum","status":"publish","type":"page","link":"https:\/\/greenfilmshooting.net\/blog\/de\/impressum\/","title":{"rendered":"Impressum"},"content":{"rendered":"<p>Angaben gem\u00e4\u00df \u00a7 5 TMG:<\/p>\n<p>Birgit Heidsiek<br \/>\nJournalistin<br \/>\nHermann-Behn-Weg 21<br \/>\n20146 Hamburg<\/p>\n<h2 id=\"kontakt\">Kontakt:<\/h2>\n<p>Telefon: 040 410 4507<br \/>\nTelefax: 040 41623304<\/p>\n<p>E-Mail: <a href=\"mailto:info@greenfilmshooting.net?subject=green%20film%20shooting\">info@greenfilmshooting.net<\/a><\/p>\n<h2 id=\"umsatzsteuer-id\">Umsatzsteuer-ID:<\/h2>\n<p>Umsatzsteuer-Identifikationsnummer gem\u00e4\u00df \u00a727 a Umsatzsteuergesetz:<br \/>\nDE 1182 9595 2<\/p>\n<h2 id=\"verantwortlich-f\u00fcr-den-inhalt-nach-55-abs.-2-rstv\">Verantwortlich f\u00fcr den Inhalt nach \u00a7 55 Abs. 2 RStV:<\/h2>\n<p>Birgit Heidsiek<br \/>\nHermann-Behn-Weg 21<br \/>\n20146 Hamburg<\/p>\n<h2>Social Media Pr\u00e4senzen<\/h2>\n<p>Dieses Impressum gilt auch f\u00fcr unsere Social-Media-Profile auf Google+ (<a href=\"https:\/\/plus.google.com\/102585246673573923779\/\">deutsch<\/a>\/<a href=\"https:\/\/plus.google.com\/105371419445861531927\/\">english<\/a>), Facebook (<a href=\"http:\/\/www.facebook.com\/pages\/Greenfilmshooting_de\/750358315012798\">deutsch<\/a>\/<a href=\"http:\/\/www.facebook.com\/pages\/Greenfilmshooting_en\/774583075963634\">english<\/a>) und Twitter (<a href=\"https:\/\/twitter.com\/gfs_de\">deutsch<\/a>\/<a href=\"https:\/\/twitter.com\/gfs_en\">english<\/a>).<\/p>\n<h2>Datenschutz<\/h2>\n<p>Es gilt unsere <a href=\"https:\/\/greenfilmshooting.net\/blog\/de\/datenschutzerklaerung\/\">Datenschutzerkl\u00e4rung<\/a>.<\/p>\n<h2>Haftung f\u00fcr Inhalte<\/h2>\n<p>Die Inhalte unserer Seiten wurden mit gr\u00f6\u00dfter Sorgfalt erstellt. F\u00fcr die Richtigkeit, Vollst\u00e4ndigkeit und Aktualit\u00e4t der Inhalte k\u00f6nnen wir jedoch keine Gew\u00e4hr \u00fcbernehmen. Als Diensteanbieter sind wir gem\u00e4\u00df \u00a7 7 Abs.1 TMG f\u00fcr eigene Inhalte auf diesen Seiten nach den allgemeinen Gesetzen verantwortlich. Nach \u00a7\u00a7 8 bis 10 TMG sind wir als Diensteanbieter jedoch nicht verpflichtet, \u00fcbermittelte oder gespeicherte fremde Informationen zu \u00fcberwachen oder nach Umst\u00e4nden zu forschen, die auf eine rechtswidrige T\u00e4tigkeit hinweisen. Verpflichtungen zur Entfernung oder Sperrung der Nutzung von Informationen nach den allgemeinen Gesetzen bleiben hiervon unber\u00fchrt. Eine diesbez\u00fcgliche Haftung ist jedoch erst ab dem Zeitpunkt der Kenntnis einer konkreten Rechtsverletzung m\u00f6glich. Bei Bekanntwerden von entsprechenden Rechtsverletzungen werden wir diese Inhalte umgehend entfernen.<\/p>\n<h2>Haftung f\u00fcr Links<\/h2>\n<p>Unser Angebot enth\u00e4lt Links zu externen Webseiten Dritter, auf deren Inhalte wir keinen Einfluss haben. Deshalb k\u00f6nnen wir f\u00fcr diese fremden Inhalte auch keine Gew\u00e4hr \u00fcbernehmen. F\u00fcr die Inhalte der verlinkten Seiten ist stets der jeweilige Anbieter oder Betreiber der Seiten verantwortlich. Die verlinkten Seiten wurden zum Zeitpunkt der Verlinkung auf m\u00f6gliche Rechtsverst\u00f6\u00dfe \u00fcberpr\u00fcft. Rechtswidrige Inhalte waren zum Zeitpunkt der Verlinkung nicht erkennbar. Eine permanente inhaltliche Kontrolle der verlinkten Seiten ist jedoch ohne konkrete Anhaltspunkte einer Rechtsverletzung nicht zumutbar. Bei Bekanntwerden von Rechtsverletzungen werden wir derartige Links umgehend entfernen.<\/p>\n<h2>Urheberrecht<\/h2>\n<p>Die durch die Seitenbetreiber erstellten Inhalte und Werke auf diesen Seiten unterliegen dem deutschen Urheberrecht. Die Vervielf\u00e4ltigung, Bearbeitung, Verbreitung und jede Art der Verwertung au\u00dferhalb der Grenzen des Urheberrechtes bed\u00fcrfen der schriftlichen Zustimmung des jeweiligen Autors bzw. Erstellers. Downloads und Kopien dieser Seite sind nur f\u00fcr den privaten, nicht kommerziellen Gebrauch gestattet. Soweit die Inhalte auf dieser Seite nicht vom Betreiber erstellt wurden, werden die Urheberrechte Dritter beachtet. Insbesondere werden Inhalte Dritter als solche gekennzeichnet. Sollten Sie trotzdem auf eine Urheberrechtsverletzung aufmerksam werden, bitten wir um einen entsprechenden Hinweis. Bei Bekanntwerden von Rechtsverletzungen werden wir derartige Inhalte umgehend entfernen.<\/p>\n<h2>Quellverweis<\/h2>\n<p>Dieses Impressum basierte urspr\u00fcnglich auf dem <a href=\"https:\/\/www.e-recht24.de\/muster-disclaimer.html\">eRecht24 Disclaimer vom Rechtsanwalt f\u00fcr Internetrecht S\u00f6ren Siebert<\/a>.<\/p>","protected":false},"excerpt":{"rendered":"Angaben gem\u00e4\u00df \u00a7 5 TMG: Birgit Heidsiek Journalistin Hermann-Behn-Weg 21 20146 Hamburg Kontakt: Telefon: 040 410 4507 Telefax: 040 41623304 E-Mail: info@greenfilmshooting.net Umsatzsteuer-ID: Umsatzsteuer-Identifikationsnummer gem\u00e4\u00df \u00a727 a Umsatzsteuergesetz: DE 1182 9595 2 Verantwortlich f\u00fcr den Inhalt nach \u00a7 55 Abs. 2 RStV: Birgit Heidsiek Hermann-Behn-Weg 21 20146 Hamburg Social Media Pr\u00e4senzen Dieses Impressum gilt auch \u2026 <a class=\"moretag\" href=\"https:\/\/greenfilmshooting.net\/blog\/de\/impressum\/\">Read more<\/a>","protected":false},"author":3,"featured_media":0,"parent":0,"menu_order":0,"comment_status":"open","ping_status":"open","template":"","meta":{"_monsterinsights_skip_tracking":false,"_monsterinsights_sitenote_active":false,"_monsterinsights_sitenote_note":"","_monsterinsights_sitenote_category":0,"footnotes":""},"class_list":["post-18","page","type-page","status-publish","hentry"],"_links":{"self":[{"href":"https:\/\/greenfilmshooting.net\/blog\/de\/wp-json\/wp\/v2\/pages\/18","targetHints":{"allow":["GET"]}}],"collection":[{"href":"https:\/\/greenfilmshooting.net\/blog\/de\/wp-json\/wp\/v2\/pages"}],"about":[{"href":"https:\/\/greenfilmshooting.net\/blog\/de\/wp-json\/wp\/v2\/types\/page"}],"author":[{"embeddable":true,"href":"https:\/\/greenfilmshooting.net\/blog\/de\/wp-json\/wp\/v2\/users\/3"}],"replies":[{"embeddable":true,"href":"https:\/\/greenfilmshooting.net\/blog\/de\/wp-json\/wp\/v2\/comments?post=18"}],"version-history":[{"count":9,"href":"https:\/\/greenfilmshooting.net\/blog\/de\/wp-json\/wp\/v2\/pages\/18\/revisions"}],"predecessor-version":[{"id":647,"href":"https:\/\/greenfilmshooting.net\/blog\/de\/wp-json\/wp\/v2\/pages\/18\/revisions\/647"}],"wp:attachment":[{"href":"https:\/\/greenfilmshooting.net\/blog\/de\/wp-json\/wp\/v2\/media?parent=18"}],"curies":[{"name":"wp","href":"https:\/\/api.w.org\/{rel}","templated":true}]}}