{"id":1936,"date":"2016-02-04T22:25:50","date_gmt":"2016-02-04T22:25:50","guid":{"rendered":"http:\/\/greenfilmshooting.net\/blog\/de\/?page_id=1936"},"modified":"2020-03-27T22:36:30","modified_gmt":"2020-03-27T22:36:30","slug":"gruenes-kino","status":"publish","type":"page","link":"https:\/\/greenfilmshooting.net\/blog\/de\/gruenes-kino\/","title":{"rendered":"Gr\u00fcnes Kino"},"content":{"rendered":"<p>Die Green Economy ist auch in der Kinobranche zunehmend ein Thema. Durch den Einsatz von Digitalprojektoren und den daf\u00fcr erforderlichen Klimaanlagen ist der Stromverbrauch in vielen H\u00e4usern in die H\u00f6he geschnellt. Doch Energieeffizienz ist nicht nur ein innerbetrieblicher Kostenfaktor. Im Zuge des gesellschaftlichen Diskurses \u00fcber den Klimawandel gewinnen erneuerbare Energien in der stark medial gepr\u00e4gten Kinobranche an Bedeutung.<\/p>\n<p>&nbsp;<\/p>\n<p>Die Kinos k\u00f6nnen durch den schonenden Umgang mit Ressourcen aktiv einen Beitrag zum Klimaschutz leisten. Nachhaltigkeit im Kinogesch\u00e4ft kann durch verschiedene Ma\u00dfnahmen erfolgen:<\/p>\n<ul>\n    <li>Energieeffiziente Ma\u00dfnahmen im Geb\u00e4ude und Kinobetrieb<\/li>\n    <li>Einsatz von erneuerbaren Energien<\/li>\n    <li>Nachhaltiges Concession-Angebo<em>t<\/em><\/li>\n    <li>Plastikverzicht und M\u00fclltrennung<\/li>\n<\/ul>\n<p><a href=\"http:\/\/greenfilmshooting.net\/blog\/de\/wp-content\/uploads\/sites\/2\/2018\/10\/Cover-Gru\u0308nes-Kinohandbuch-.jpg\"><img loading=\"lazy\" decoding=\"async\" class=\"size-medium wp-image-4907 alignright\" src=\"http:\/\/greenfilmshooting.net\/blog\/de\/wp-content\/uploads\/sites\/2\/2018\/10\/Cover-Gru\u0308nes-Kinohandbuch--209x300.jpg\" alt=\"\" width=\"209\" height=\"300\" srcset=\"https:\/\/greenfilmshooting.net\/blog\/de\/wp-content\/uploads\/sites\/2\/2018\/10\/Cover-Gru\u0308nes-Kinohandbuch--209x300.jpg 209w, https:\/\/greenfilmshooting.net\/blog\/de\/wp-content\/uploads\/sites\/2\/2018\/10\/Cover-Gru\u0308nes-Kinohandbuch-.jpg 421w\" sizes=\"auto, (max-width: 209px) 100vw, 209px\" \/><\/a><\/p>\n<p>N\u00e4heren Aufschluss \u00fcber nachhaltige Ma\u00dfnahmen f\u00fcr Kinobetriebe, gesetzliche Anforderungen und Erfahrungsbeispiele aus der Praxis gibt das Gr\u00fcne Kinohandbuch, das bei der FFA erh\u00e4ltlich ist.<\/p>\n<p>&nbsp;<\/p>\n<p>Das Gr\u00fcne Kinohandbuch steht auch <a href=\"https:\/\/gr\u00fcneskino.de\/blog\/ueber-das-buch\/\">online<\/a> zur Lekt\u00fcre zur Verf\u00fcgung. Weiterf\u00fchrende Informationen bietet die Website <a href=\"https:\/\/gr\u00fcneskino.de\/\">Gr\u00fcnes Kino<\/a>.<\/p>\n<p>&nbsp;<\/p>\n<p>&nbsp;<\/p>\n<p>Die Bereiche Energieeffizienz, \u00d6kostrom, Concession und M\u00fcllmanagement sind auch die Handlungsfelder f\u00fcr nachhaltige Ma\u00dfnahmen im Kino, an denen sich das <span style=\"color: #333399;\"><strong>Green Cinema<\/strong><\/span>-Siegel orientiert.<\/p>\n<p><a href=\"http:\/\/greenfilmshooting.net\/blog\/de\/wp-content\/uploads\/sites\/2\/2018\/08\/Logo-Gru\u0308nes-Kino-v5-Kopie.jpg\"><img loading=\"lazy\" decoding=\"async\" class=\"size-medium wp-image-4736 aligncenter\" src=\"http:\/\/greenfilmshooting.net\/blog\/de\/wp-content\/uploads\/sites\/2\/2018\/08\/Logo-Gru\u0308nes-Kino-v5-Kopie-300x300.jpg\" alt=\"\" width=\"300\" height=\"300\" srcset=\"https:\/\/greenfilmshooting.net\/blog\/de\/wp-content\/uploads\/sites\/2\/2018\/08\/Logo-Gru\u0308nes-Kino-v5-Kopie-300x300.jpg 300w, https:\/\/greenfilmshooting.net\/blog\/de\/wp-content\/uploads\/sites\/2\/2018\/08\/Logo-Gru\u0308nes-Kino-v5-Kopie-150x150.jpg 150w, https:\/\/greenfilmshooting.net\/blog\/de\/wp-content\/uploads\/sites\/2\/2018\/08\/Logo-Gru\u0308nes-Kino-v5-Kopie-768x768.jpg 768w, https:\/\/greenfilmshooting.net\/blog\/de\/wp-content\/uploads\/sites\/2\/2018\/08\/Logo-Gru\u0308nes-Kino-v5-Kopie-1024x1024.jpg 1024w, https:\/\/greenfilmshooting.net\/blog\/de\/wp-content\/uploads\/sites\/2\/2018\/08\/Logo-Gru\u0308nes-Kino-v5-Kopie-630x630.jpg 630w, https:\/\/greenfilmshooting.net\/blog\/de\/wp-content\/uploads\/sites\/2\/2018\/08\/Logo-Gru\u0308nes-Kino-v5-Kopie-120x120.jpg 120w, https:\/\/greenfilmshooting.net\/blog\/de\/wp-content\/uploads\/sites\/2\/2018\/08\/Logo-Gru\u0308nes-Kino-v5-Kopie.jpg 1694w\" sizes=\"auto, (max-width: 300px) 100vw, 300px\" \/><\/a><\/p>\n<p>Einige Kinos in Europa setzen bereits auf nachhaltige Ma\u00dfnahmen. Wir m\u00f6chten mit Ihnen daran arbeiten, dass diese Liste noch l\u00e4nger wird.<\/p>\n<p>&nbsp;<\/p>\n<h1><strong>Deutschland<\/strong><\/h1>\n<p>3001 Kino, Hamburg<\/p>\n<p><a href=\"http:\/\/greenfilmshooting.net\/blog\/de\/2015\/01\/22\/oekologie-nicht-nur-auf-leinwand\/\">Abaton<\/a>, Hamburg<\/p>\n<p>Alabama, Hamburg<\/p>\n<p>B-Movie, Hamburg<\/p>\n<p>Brennessel-Programmkino, Hemsbach<\/p>\n<p>b-ware! Ladenkino, Berlin<\/p>\n<p>Casablanca Filmkunsttheater, N\u00fcrnberg<\/p>\n<p><a href=\"http:\/\/greenfilmshooting.net\/blog\/de\/2016\/07\/25\/naturvision-festival-im-gruenen-kino\/\">Central-Union Kinos<\/a>, Ludwigsburg<\/p>\n<p>Cine West, Hachenburg<\/p>\n<p><a href=\"http:\/\/greenfilmshooting.net\/blog\/de\/2015\/01\/22\/oekologie-nicht-nur-auf-leinwand\/\">Cinema &amp; Kurbelkiste<\/a>, M\u00fcnster<\/p>\n<p><a href=\"http:\/\/greenfilmshooting.net\/blog\/de\/2017\/09\/13\/auszeichnung-fuer-gruenes-cineplex\/\">Cineplex Baunatal<\/a>, Kassel<\/p>\n<p>Das Andere Kino, Lehrte<\/p>\n<p>Eiszeit, Berlin<\/p>\n<p>Filmgalerie im Leeren Beutel, Regensburg<\/p>\n<p><a href=\"http:\/\/greenfilmshooting.net\/blog\/de\/2015\/01\/22\/oekologie-nicht-nur-auf-leinwand\/\">Filmkunstkinos Bambi &#8211; Cinema &#8211; Metropol<\/a>, D\u00fcsseldorf<\/p>\n<p>Filmpalette, K\u00f6ln<\/p>\n<p>Filmrauschpalast, Berlin<\/p>\n<p>fsk Kino, Berlin<\/p>\n<p>Garbo, Regensburg<\/p>\n<p>Kamino, Reutlingen<\/p>\n<p>Kino Bad Driburg, Bad Driburg<\/p>\n<p>Kino Breitwand, Starnberg, Seefeld und Herrsching<\/p>\n<p><a href=\"http:\/\/greenfilmshooting.net\/blog\/de\/2013\/03\/17\/klimaneutrales-kino\/\">Kino im Waldhorn<\/a>, Rottenburg<\/p>\n<p>Klappe, Kirchberg<\/p>\n<p>KinoP., Penzberg<\/p>\n<p>Mal Seh&#8217;n Kino, Frankfurt am Main<\/p>\n<p>OFF Broadway, K\u00f6ln<\/p>\n<p>Orpheum Lichtspiele, Sch\u00f6nberg<\/p>\n<p>Programmkino Aalen eG Kino am Kocher, Aalen<\/p>\n<p>Pro-Winzkino, Simmern<\/p>\n<p>SCALA Programmkino, L\u00fcneburg<\/p>\n<p>Thalia &#8211; Cinema . Coffee and Cigarettes, Dresden<\/p>\n<p>Weisshaus Kino, K\u00f6ln<\/p>\n<p>Yorck-Kino, Berlin<\/p>\n<h1><strong>Frankreich<\/strong><\/h1>\n<p>Le Balzac, Paris<\/p>\n<p>&nbsp;<\/p>\n<h1><strong>Gro\u00dfbritannien<\/strong><\/h1>\n<p><a href=\"http:\/\/greenfilmshooting.net\/blog\/de\/2015\/02\/02\/ein-gruener-aufruf-fuer-die-kinos\/\">Curzon Soho<\/a>, London<\/p>\n<p><a href=\"http:\/\/greenfilmshooting.net\/blog\/de\/2018\/10\/30\/sustainability-first-2\/\">Depot Cinema,<\/a> Lews<\/p>\n<p><a href=\"http:\/\/greenfilmshooting.net\/blog\/de\/2015\/02\/02\/ein-gruener-aufruf-fuer-die-kinos\/\">The Junction<\/a>, Goole<\/p>\n<p><a href=\"http:\/\/greenfilmshooting.net\/blog\/de\/2015\/02\/02\/ein-gruener-aufruf-fuer-die-kinos\/\">Broadway,<\/a> Nottingham<\/p>\n<p><a href=\"http:\/\/greenfilmshooting.net\/blog\/de\/2015\/02\/02\/ein-gruener-aufruf-fuer-die-kinos\/\">Thurso<\/a>, Scotland<\/p>\n<p><a href=\"http:\/\/greenfilmshooting.net\/blog\/de\/2015\/02\/02\/ein-gruener-aufruf-fuer-die-kinos\/\">Filmhouse<\/a>, Edinburgh<\/p>\n<p>&nbsp;<\/p>\n<h1><strong>Niederlande<\/strong><\/h1>\n<p>Cinecitta, Tilburg<\/p>\n<p>Rialto, Amsterdam<\/p>\n<h1><\/h1>\n<h1><strong>\u00d6sterreich<\/strong><\/h1>\n<p>KIZ Royal,\u00a0 Graz<\/p>\n<p>&nbsp;<\/p>\n<h1><strong>Spanien<\/strong><\/h1>\n<p><a href=\"http:\/\/greenfilmshooting.net\/blog\/de\/2015\/06\/27\/cineciutat-nachhaltiges-kino-auf-mallorca\/\">CineCiutat<\/a>, Mallorca<\/p>\n<p>&nbsp;<\/p>\n<h1><strong>USA<\/strong><\/h1>\n<p>Cinemark, Plano, Texas<\/p>\n<p>(513 Kinos mit 5.796 Leinw\u00e4nden in den USA und Lateinamerika)<\/p><div class=\"twoclick_social_bookmarks_post_1936 social_share_privacy clearfix 1.6.4 locale-de_DE sprite-de_DE\"><\/div><div class=\"twoclick-js\"><script type=\"text\/javascript\">\/* <![CDATA[ *\/\njQuery(document).ready(function($){if($('.twoclick_social_bookmarks_post_1936')){$('.twoclick_social_bookmarks_post_1936').socialSharePrivacy({\"services\":{\"facebook\":{\"status\":\"on\",\"txt_info\":\"2 Klicks f\\u00fcr mehr Datenschutz: Erst wenn Sie hier klicken, wird der Button aktiv und Sie k\\u00f6nnen Ihre Empfehlung an Facebook senden. Schon beim Aktivieren werden Daten an Dritte \\u00fcbertragen - siehe <em>i<\\\/em>.\",\"perma_option\":\"off\",\"action\":\"recommend\",\"language\":\"de_DE\"},\"twitter\":{\"reply_to\":\"\",\"tweet_text\":\"Gr%C3%BCnes%20Kino%20%C2%BB%20Green%20Film%20Shooting\",\"status\":\"on\",\"txt_info\":\"2 Klicks f\\u00fcr mehr Datenschutz: Erst wenn Sie hier klicken, wird der Button aktiv und Sie k\\u00f6nnen Ihre Empfehlung an Twitter senden. Schon beim Aktivieren werden Daten an Dritte \\u00fcbertragen - siehe <em>i<\\\/em>.\",\"perma_option\":\"off\",\"language\":\"de\",\"referrer_track\":\"\"},\"gplus\":{\"status\":\"on\",\"txt_info\":\"2 Klicks f\\u00fcr mehr Datenschutz: Erst wenn Sie hier klicken, wird der Button aktiv und Sie k\\u00f6nnen Ihre Empfehlung an Google+ senden. Schon beim Aktivieren werden Daten an Dritte \\u00fcbertragen - siehe <em>i<\\\/em>.\",\"perma_option\":\"off\",\"referrer_track\":\"\"}},\"txt_help\":\"Wenn Sie diese Felder durch einen Klick aktivieren, werden Informationen an Facebook, Twitter, Flattr, Xing, t3n, LinkedIn, Pinterest oder Google eventuell ins Ausland \\u00fcbertragen und unter Umst\\u00e4nden auch dort gespeichert. N\\u00e4heres erfahren Sie durch einen Klick auf das <em>i<\\\/em>.\",\"settings_perma\":\"Dauerhaft aktivieren und Daten\\u00fcber-tragung zustimmen:\",\"info_link\":\"http:\\\/\\\/www.heise.de\\\/ct\\\/artikel\\\/2-Klicks-fuer-mehr-Datenschutz-1333879.html\",\"uri\":\"https:\\\/\\\/greenfilmshooting.net\\\/blog\\\/de\\\/gruenes-kino\\\/\",\"post_id\":1936,\"post_title_referrer_track\":\"Gr%C3%BCnes+Kino\",\"display_infobox\":\"on\"});}});\n\/* ]]> *\/<\/script><\/div>","protected":false},"excerpt":{"rendered":"Die Green Economy ist auch in der Kinobranche zunehmend ein Thema. Durch den Einsatz von Digitalprojektoren und den daf\u00fcr erforderlichen Klimaanlagen ist der Stromverbrauch in vielen H\u00e4usern in die H\u00f6he geschnellt. Doch Energieeffizienz ist nicht nur ein innerbetrieblicher Kostenfaktor. Im Zuge des gesellschaftlichen Diskurses \u00fcber den Klimawandel gewinnen erneuerbare Energien in der stark medial gepr\u00e4gten \u2026 <a class=\"moretag\" href=\"https:\/\/greenfilmshooting.net\/blog\/de\/gruenes-kino\/\">Read more<\/a>","protected":false},"author":4,"featured_media":0,"parent":0,"menu_order":0,"comment_status":"closed","ping_status":"closed","template":"","meta":{"_monsterinsights_skip_tracking":false,"_monsterinsights_sitenote_active":false,"_monsterinsights_sitenote_note":"","_monsterinsights_sitenote_category":0,"footnotes":""},"class_list":["post-1936","page","type-page","status-publish","hentry"],"_links":{"self":[{"href":"https:\/\/greenfilmshooting.net\/blog\/de\/wp-json\/wp\/v2\/pages\/1936","targetHints":{"allow":["GET"]}}],"collection":[{"href":"https:\/\/greenfilmshooting.net\/blog\/de\/wp-json\/wp\/v2\/pages"}],"about":[{"href":"https:\/\/greenfilmshooting.net\/blog\/de\/wp-json\/wp\/v2\/types\/page"}],"author":[{"embeddable":true,"href":"https:\/\/greenfilmshooting.net\/blog\/de\/wp-json\/wp\/v2\/users\/4"}],"replies":[{"embeddable":true,"href":"https:\/\/greenfilmshooting.net\/blog\/de\/wp-json\/wp\/v2\/comments?post=1936"}],"version-history":[{"count":35,"href":"https:\/\/greenfilmshooting.net\/blog\/de\/wp-json\/wp\/v2\/pages\/1936\/revisions"}],"predecessor-version":[{"id":6177,"href":"https:\/\/greenfilmshooting.net\/blog\/de\/wp-json\/wp\/v2\/pages\/1936\/revisions\/6177"}],"wp:attachment":[{"href":"https:\/\/greenfilmshooting.net\/blog\/de\/wp-json\/wp\/v2\/media?parent=1936"}],"curies":[{"name":"wp","href":"https:\/\/api.w.org\/{rel}","templated":true}]}}