{"id":2201,"date":"2016-03-06T21:28:57","date_gmt":"2016-03-06T21:28:57","guid":{"rendered":"http:\/\/greenfilmshooting.net\/blog\/de\/?page_id=2201"},"modified":"2016-03-06T21:29:16","modified_gmt":"2016-03-06T21:29:16","slug":"arnold-schwarzenegger","status":"publish","type":"page","link":"https:\/\/greenfilmshooting.net\/blog\/de\/statements\/arnold-schwarzenegger\/","title":{"rendered":"Arnold Schwarzenegger"},"content":{"rendered":"<p><em>Schauspieler, Politiker und Umweltsch\u00fctzer<\/em><\/p>\n<p>\u201cDie Medien spielen eine zentrale Rolle im Kampf gegen den Klimawandel. Es ist wichtig, in Filmen, im Fernsehen und all den anderen Auswertungskan\u00e4len immer wieder darauf hinzuweisen, dass es L\u00f6sungen gibt, die wir heute umsetzen k\u00f6nnen. Wir m\u00fcssen die Menschen ansprechen und sie zum Handeln auffordern. Filme wie <em>Avatar<\/em>, <em>The Day After Tomorrow<\/em> und Dokus wie <em>Years of Living Dangerously<\/em>, bei der ich stolz darauf war, dabei sein zu k\u00f6nnen, sind sehr beliebt; sie erreichen und inspirieren Millionen von Menschen.<br \/>\nIch bin fest davon \u00fcberzeugt, dass vor allem Filme mit ihrer starken Inspirationskraft die Menschen dazu bewegen k\u00f6nnen, selbst aktiv zu werden. Es ist gro\u00dfartig zu sehen, das einige meiner Freunde aus der Filmbranche mit Klimaschutzorganisationen zusammenarbeiten, um diese Nachrichten weiter zu verbreiten.\u201c<\/p>\n<p>Foto: \u00a9Zurich Film Festival<\/p><div class=\"twoclick_social_bookmarks_post_2201 social_share_privacy clearfix 1.6.4 locale-de_DE sprite-de_DE\"><\/div><div class=\"twoclick-js\"><script type=\"text\/javascript\">\/* <![CDATA[ *\/\njQuery(document).ready(function($){if($('.twoclick_social_bookmarks_post_2201')){$('.twoclick_social_bookmarks_post_2201').socialSharePrivacy({\"services\":{\"facebook\":{\"status\":\"on\",\"txt_info\":\"2 Klicks f\\u00fcr mehr Datenschutz: Erst wenn Sie hier klicken, wird der Button aktiv und Sie k\\u00f6nnen Ihre Empfehlung an Facebook senden. Schon beim Aktivieren werden Daten an Dritte \\u00fcbertragen - siehe <em>i<\\\/em>.\",\"perma_option\":\"off\",\"action\":\"recommend\",\"language\":\"de_DE\"},\"twitter\":{\"reply_to\":\"\",\"tweet_text\":\"Arnold%20Schwarzenegger%20%C2%BB%20Green%20Film%20Shooting\",\"status\":\"on\",\"txt_info\":\"2 Klicks f\\u00fcr mehr Datenschutz: Erst wenn Sie hier klicken, wird der Button aktiv und Sie k\\u00f6nnen Ihre Empfehlung an Twitter senden. Schon beim Aktivieren werden Daten an Dritte \\u00fcbertragen - siehe <em>i<\\\/em>.\",\"perma_option\":\"off\",\"language\":\"de\",\"referrer_track\":\"\"},\"gplus\":{\"status\":\"on\",\"txt_info\":\"2 Klicks f\\u00fcr mehr Datenschutz: Erst wenn Sie hier klicken, wird der Button aktiv und Sie k\\u00f6nnen Ihre Empfehlung an Google+ senden. Schon beim Aktivieren werden Daten an Dritte \\u00fcbertragen - siehe <em>i<\\\/em>.\",\"perma_option\":\"off\",\"referrer_track\":\"\"}},\"txt_help\":\"Wenn Sie diese Felder durch einen Klick aktivieren, werden Informationen an Facebook, Twitter, Flattr, Xing, t3n, LinkedIn, Pinterest oder Google eventuell ins Ausland \\u00fcbertragen und unter Umst\\u00e4nden auch dort gespeichert. N\\u00e4heres erfahren Sie durch einen Klick auf das <em>i<\\\/em>.\",\"settings_perma\":\"Dauerhaft aktivieren und Daten\\u00fcber-tragung zustimmen:\",\"info_link\":\"http:\\\/\\\/www.heise.de\\\/ct\\\/artikel\\\/2-Klicks-fuer-mehr-Datenschutz-1333879.html\",\"uri\":\"https:\\\/\\\/greenfilmshooting.net\\\/blog\\\/de\\\/statements\\\/arnold-schwarzenegger\\\/\",\"post_id\":2201,\"post_title_referrer_track\":\"Arnold+Schwarzenegger\",\"display_infobox\":\"on\"});}});\n\/* ]]> *\/<\/script><\/div>","protected":false},"excerpt":{"rendered":"Schauspieler, Politiker und Umweltsch\u00fctzer \u201cDie Medien spielen eine zentrale Rolle im Kampf gegen den Klimawandel. Es ist wichtig, in Filmen, im Fernsehen und all den anderen Auswertungskan\u00e4len immer wieder darauf hinzuweisen, dass es L\u00f6sungen gibt, die wir heute umsetzen k\u00f6nnen. Wir m\u00fcssen die Menschen ansprechen und sie zum Handeln auffordern. Filme wie Avatar, The Day \u2026 <a class=\"moretag\" href=\"https:\/\/greenfilmshooting.net\/blog\/de\/statements\/arnold-schwarzenegger\/\">Read more<\/a>","protected":false},"author":4,"featured_media":2202,"parent":34,"menu_order":0,"comment_status":"closed","ping_status":"closed","template":"","meta":{"_monsterinsights_skip_tracking":false,"_monsterinsights_sitenote_active":false,"_monsterinsights_sitenote_note":"","_monsterinsights_sitenote_category":0,"footnotes":""},"class_list":["post-2201","page","type-page","status-publish","has-post-thumbnail","hentry"],"_links":{"self":[{"href":"https:\/\/greenfilmshooting.net\/blog\/de\/wp-json\/wp\/v2\/pages\/2201","targetHints":{"allow":["GET"]}}],"collection":[{"href":"https:\/\/greenfilmshooting.net\/blog\/de\/wp-json\/wp\/v2\/pages"}],"about":[{"href":"https:\/\/greenfilmshooting.net\/blog\/de\/wp-json\/wp\/v2\/types\/page"}],"author":[{"embeddable":true,"href":"https:\/\/greenfilmshooting.net\/blog\/de\/wp-json\/wp\/v2\/users\/4"}],"replies":[{"embeddable":true,"href":"https:\/\/greenfilmshooting.net\/blog\/de\/wp-json\/wp\/v2\/comments?post=2201"}],"version-history":[{"count":2,"href":"https:\/\/greenfilmshooting.net\/blog\/de\/wp-json\/wp\/v2\/pages\/2201\/revisions"}],"predecessor-version":[{"id":2204,"href":"https:\/\/greenfilmshooting.net\/blog\/de\/wp-json\/wp\/v2\/pages\/2201\/revisions\/2204"}],"up":[{"embeddable":true,"href":"https:\/\/greenfilmshooting.net\/blog\/de\/wp-json\/wp\/v2\/pages\/34"}],"wp:featuredmedia":[{"embeddable":true,"href":"https:\/\/greenfilmshooting.net\/blog\/de\/wp-json\/wp\/v2\/media\/2202"}],"wp:attachment":[{"href":"https:\/\/greenfilmshooting.net\/blog\/de\/wp-json\/wp\/v2\/media?parent=2201"}],"curies":[{"name":"wp","href":"https:\/\/api.w.org\/{rel}","templated":true}]}}