{"id":257,"date":"2014-12-30T03:25:33","date_gmt":"2014-12-30T03:25:33","guid":{"rendered":"http:\/\/greenfilmshooting.net\/blog\/de\/?page_id=257"},"modified":"2016-12-11T06:19:38","modified_gmt":"2016-12-11T06:19:38","slug":"ueber-uns","status":"publish","type":"page","link":"https:\/\/greenfilmshooting.net\/blog\/de\/ueber-uns\/","title":{"rendered":"\u00dcber uns"},"content":{"rendered":"<p class=\"western\" lang=\"de-DE\">Mit <em>Green Film Shooting<\/em> bieten wir eine Plattform f\u00fcr die nachhaltige Medienbranche. Nachhaltigkeit ist bereits in vielen anderen Industrien wie dem Fahrzeugbau oder der Energiewirtschaft ein zentrales Thema. Denn unsere Ressourcen sind begrenzt. Elemente wie Wasser und Luft sind keine freien G\u00fcter, die sich grenzenlos ausbeuten lassen, was oft als Pr\u00e4misse in wirtschaftswissenschaftlichen Theorien verankert wurde. Die Warnungen des Club of Rome, der 1972 die Grenzen des Wachstum aufgezeigt hat, sind \u00fcber Jahrzehnte in den Wind geschlagen worden.<\/p>\n<p class=\"western\" lang=\"de-DE\">Inzwischen hat sich in der globalisierten Welt die Erkenntnis durchgesetzt, dass mit Energieeffizienz zugleich eine Kostenersparnis einhergeht. Und der Energieverbrauch in der Medienindustrie ist gigantisch. Einer Studie der European Broadcast Union (EBU) zufolge werden zwei Prozent aller weltweiten CO2-Emissionen durch Informations- und Kommunikationstechnologien verursacht. Tendenz steigend!<\/p>\n<p class=\"western\" lang=\"de-DE\">Mit <em>Green Film Shooting<\/em> bieten wir der Medienindustrie eine Plattform, um sich weltweit \u00fcber Ans\u00e4tze f\u00fcr nachhaltiges Wirtschaften informieren zu k\u00f6nnen. Die inhaltliche Bandbreite reicht dabei von gr\u00fcn produzierten Kino- und Fernsehfilmen, Serien und Werbespots \u00fcber Broadcast-Technologien, energieeffizienten Kinos und smartem IT-Management bis hin zur recyclebaren DVD-Verpackung ohne sch\u00e4dliche L\u00f6sungsmittel.<\/p>\n<p class=\"western\" lang=\"de-DE\"><em>Green Film Shooting<\/em> fungiert zugleich als ein Forum, in dem sich engagierte Medienschaffende \u00fcber nachhaltiges Handeln wechselseitig austauschen k\u00f6nnen, um neue Ans\u00e4tze zu entdecken und ihre Erfahrungen miteinander zu teilen. Die Ma\u00dfnahmen, Modelle und Methoden sind dabei sehr unterschiedlich. In unserem vielf\u00e4ltigen Europa entwickeln inzwischen viele L\u00e4nder ihren eigenen CO2-Rechner.<\/p>\n<p class=\"western\">Doch in vielen entscheidenden Punkten herrscht Einigkeit. Wie auf der ersten internationale Konferenz zum Thema Green IT konstatiert wurde, muss die Hardware-Obsoleszenz ein Ende haben. Und in den USA werden nicht nur bei gro\u00dfen Hollywoodproduktionen durch M\u00fcllvermeidung und Recycling Kosten gespart. <span lang=\"en-US\">Daf\u00fcr sorgen die Earth Angel, deren Motto lautet: <\/span><em>Making movies without making a mess!<\/em><\/p>\n<p class=\"western\" lang=\"de-DE\"><strong>Wer sind wir<\/strong><\/p>\n<p class=\"western\" lang=\"de-DE\"><a href=\"http:\/\/greenfilmshooting.net\/blog\/de\/wp-content\/uploads\/sites\/2\/2014\/12\/birgit-heidsiek1.jpg\"><img loading=\"lazy\" decoding=\"async\" class=\" size-full wp-image-1170 alignleft\" src=\"http:\/\/greenfilmshooting.net\/blog\/de\/wp-content\/uploads\/sites\/2\/2014\/12\/birgit-heidsiek1.jpg\" alt=\"birgit-heidsiek\" width=\"158\" height=\"186\"><\/a>Dipl.-Pol. Birgit Heidsiek ist seit vielen Jahren als Journalistin im nationalen und internationalen Medienbereich aktiv. Neben ihrer journalistischen T\u00e4tigkeit ist sie Herausgeberin des <em>Green Film Shooting<\/em>-Magazins und der Edition <a href=\"https:\/\/www.branchenbulletin.com\/\">Branchen-Bulletin<\/a>. Erg\u00e4nzt wird die journalistische T\u00e4tigkeit durch PR im Bereich Broadcast und Postproduktion. Zus\u00e4tzlich vermittelt sie ihr Wissen als Dozentin an der Hochschule BRS (Hochschule Bonn-Rhein-Sieg) im Studiengang Elektrotechnik, Maschinenbau und Technikjournalismus.<\/p>\n<p class=\"western\" lang=\"de-DE\">Als Verlegerin setzt Birgit Heidsiek die Familientradion fort. Ihr Gro\u00dfvater Wilhelm Heidsiek hat 1921 in Cuxhaven die Tageszeitung <a href=\"http:\/\/www.presseclub-cuxhaven.de\/alteliebe\/index.html\"><em>Alte Liebe<\/em><\/a> herausgegeben, die 1933 von den Nazis verboten wurde. Der politisch aktive Widerstandsk\u00e4mpfer geh\u00f6rte als <a href=\"http:\/\/www.thaelmann-gedenkstaette.de\/GSETHP\/Rundgang\/Rundgang-26-Tafel.html\">SPD-Abgeordneter <\/a>der <a href=\"http:\/\/www.olafscholz.hamburg\/main\/pages\/index\/p\/5\/804\/year\/2003\/page\/4\">Hamburger B\u00fcrgerschaft<\/a> an. Nach dem gescheiterten Hitler-Attentat im Juli 1944 wurde er im Rahmen der Aktion &#8222;Gewitter&#8220; verhaftet, ins KZ nach <a href=\"https:\/\/www.hamburg.de\/politische-bildung\/veranstaltungen\/6660116\/wege-nach-neuengamme-rundgang\/\">Hamburg-Neuengamme <\/a>verschleppt und dort mit Ketten totgeschlagen. F\u00fcr sein politisches Engagement ist er mit einem <a href=\"http:\/\/www.stolpersteine-hamburg.de\/?MAIN_ID=7&amp;BIO_ID=4192\">Stolperstein<\/a> vor dem Hamburger Rathaus gew\u00fcrdigt worden. In seiner Heimatstadt Cuxhaven ist er zum Ehrenb\u00fcrger ernannt worden. An ihn erinnert die Wilhelm-Heidsiek-Stra\u00dfe, in der sich seine Druckerei befand.\u00a0 Seit 2016 ist ihm auch in Cuxhaven ein <a href=\"http:\/\/www.cn-online.de\/cn...\/neue-stolpersteine-fuer-cuxhaven-gegen-das-vergessen.html\">Stolperstein vor dem Pressehaus<\/a> gewidmet, das er aufgebaut hat.<\/p>\n<p class=\"western\" lang=\"de-DE\"><strong>Unsere Partner<\/strong><\/p>\n<p class=\"western\" lang=\"de-DE\"><em>Green Film Shooting<\/em> ist in enger Kooperation mit der Filmf\u00f6rderung Hamburg Schleswig-Holstein (<a href=\"http:\/\/ffhsh.de\">FFHSH<\/a>) entstanden, die mit dem <a href=\"http:\/\/www.ffhsh.de\/de\/film_commission\/gruener_drehpass.php\">Gr\u00fcnen Drehpass<\/a> 2011 ein Siegel f\u00fcr die nachhaltige Produktionen in Deutschland eingef\u00fchrt hat und als diesen Kurs als Hauptpartner von <em>Green Film Shooting<\/em> nachhaltig fortsetzt.<\/p>\n<p class=\"western\" lang=\"de-DE\">Als internationale Plattform f\u00fcr die Film- und Medienbranche ist es unser zentrales Anliegen, unsere Inhalte interessierten Marktteilnehmern weltweit zug\u00e4nglich zu machen. Dank unserer Partnerschaft mit dem europ\u00e4ischen Online-Portal <a href=\"http:\/\/www.cineuropa.org\">Cineuropa<\/a> werden unsere Bericht auch in <a href=\"http:\/\/www.cineuropa.org\/dd.aspx?t=dossier&amp;l=fr&amp;tid=2025&amp;did=112630\">franz\u00f6sischer<\/a>, <a href=\"http:\/\/www.cineuropa.org\/dd.aspx?t=dossier&amp;l=es&amp;tid=2025&amp;did=112630\">spanischer<\/a> und <a href=\"http:\/\/www.cineuropa.org\/dd.aspx?t=dossier&amp;l=it&amp;tid=2025&amp;did=112630\">italienischer<\/a> Sprache ver\u00f6ffentlicht.<\/p>\n<p class=\"western\" lang=\"de-DE\">Dar\u00fcber hinaus ist <em>Green Film Shooting<\/em> mit englischsprachigen Berichten beim <a href=\"http:\/\/www.greenproductionguide.com\/news-updates\/\">PGA Green<\/a>, dem gr\u00fcnen Portal des Producers Guild of America,\u00a0 in Hollywood pr\u00e4sent.<\/p><div class=\"twoclick_social_bookmarks_post_257 social_share_privacy clearfix 1.6.4 locale-de_DE sprite-de_DE\"><\/div><div class=\"twoclick-js\"><script type=\"text\/javascript\">\/* <![CDATA[ *\/\njQuery(document).ready(function($){if($('.twoclick_social_bookmarks_post_257')){$('.twoclick_social_bookmarks_post_257').socialSharePrivacy({\"services\":{\"facebook\":{\"status\":\"on\",\"txt_info\":\"2 Klicks f\\u00fcr mehr Datenschutz: Erst wenn Sie hier klicken, wird der Button aktiv und Sie k\\u00f6nnen Ihre Empfehlung an Facebook senden. Schon beim Aktivieren werden Daten an Dritte \\u00fcbertragen - siehe <em>i<\\\/em>.\",\"perma_option\":\"off\",\"action\":\"recommend\",\"language\":\"de_DE\"},\"twitter\":{\"reply_to\":\"\",\"tweet_text\":\"%C3%9Cber%20uns%20%C2%BB%20Green%20Film%20Shooting\",\"status\":\"on\",\"txt_info\":\"2 Klicks f\\u00fcr mehr Datenschutz: Erst wenn Sie hier klicken, wird der Button aktiv und Sie k\\u00f6nnen Ihre Empfehlung an Twitter senden. Schon beim Aktivieren werden Daten an Dritte \\u00fcbertragen - siehe <em>i<\\\/em>.\",\"perma_option\":\"off\",\"language\":\"de\",\"referrer_track\":\"\"},\"gplus\":{\"status\":\"on\",\"txt_info\":\"2 Klicks f\\u00fcr mehr Datenschutz: Erst wenn Sie hier klicken, wird der Button aktiv und Sie k\\u00f6nnen Ihre Empfehlung an Google+ senden. Schon beim Aktivieren werden Daten an Dritte \\u00fcbertragen - siehe <em>i<\\\/em>.\",\"perma_option\":\"off\",\"referrer_track\":\"\"}},\"txt_help\":\"Wenn Sie diese Felder durch einen Klick aktivieren, werden Informationen an Facebook, Twitter, Flattr, Xing, t3n, LinkedIn, Pinterest oder Google eventuell ins Ausland \\u00fcbertragen und unter Umst\\u00e4nden auch dort gespeichert. N\\u00e4heres erfahren Sie durch einen Klick auf das <em>i<\\\/em>.\",\"settings_perma\":\"Dauerhaft aktivieren und Daten\\u00fcber-tragung zustimmen:\",\"info_link\":\"http:\\\/\\\/www.heise.de\\\/ct\\\/artikel\\\/2-Klicks-fuer-mehr-Datenschutz-1333879.html\",\"uri\":\"https:\\\/\\\/greenfilmshooting.net\\\/blog\\\/de\\\/ueber-uns\\\/\",\"post_id\":257,\"post_title_referrer_track\":\"%C3%9Cber+uns\",\"display_infobox\":\"on\"});}});\n\/* ]]> *\/<\/script><\/div>","protected":false},"excerpt":{"rendered":"Mit Green Film Shooting bieten wir eine Plattform f\u00fcr die nachhaltige Medienbranche. Nachhaltigkeit ist bereits in vielen anderen Industrien wie dem Fahrzeugbau oder der Energiewirtschaft ein zentrales Thema. Denn unsere Ressourcen sind begrenzt. Elemente wie Wasser und Luft sind keine freien G\u00fcter, die sich grenzenlos ausbeuten lassen, was oft als Pr\u00e4misse in wirtschaftswissenschaftlichen Theorien verankert \u2026 <a class=\"moretag\" href=\"https:\/\/greenfilmshooting.net\/blog\/de\/ueber-uns\/\">Read more<\/a>","protected":false},"author":2,"featured_media":0,"parent":0,"menu_order":0,"comment_status":"open","ping_status":"open","template":"","meta":{"_monsterinsights_skip_tracking":false,"_monsterinsights_sitenote_active":false,"_monsterinsights_sitenote_note":"","_monsterinsights_sitenote_category":0,"footnotes":""},"class_list":["post-257","page","type-page","status-publish","hentry"],"_links":{"self":[{"href":"https:\/\/greenfilmshooting.net\/blog\/de\/wp-json\/wp\/v2\/pages\/257","targetHints":{"allow":["GET"]}}],"collection":[{"href":"https:\/\/greenfilmshooting.net\/blog\/de\/wp-json\/wp\/v2\/pages"}],"about":[{"href":"https:\/\/greenfilmshooting.net\/blog\/de\/wp-json\/wp\/v2\/types\/page"}],"author":[{"embeddable":true,"href":"https:\/\/greenfilmshooting.net\/blog\/de\/wp-json\/wp\/v2\/users\/2"}],"replies":[{"embeddable":true,"href":"https:\/\/greenfilmshooting.net\/blog\/de\/wp-json\/wp\/v2\/comments?post=257"}],"version-history":[{"count":23,"href":"https:\/\/greenfilmshooting.net\/blog\/de\/wp-json\/wp\/v2\/pages\/257\/revisions"}],"predecessor-version":[{"id":547,"href":"https:\/\/greenfilmshooting.net\/blog\/de\/wp-json\/wp\/v2\/pages\/257\/revisions\/547"}],"wp:attachment":[{"href":"https:\/\/greenfilmshooting.net\/blog\/de\/wp-json\/wp\/v2\/media?parent=257"}],"curies":[{"name":"wp","href":"https:\/\/api.w.org\/{rel}","templated":true}]}}