{"id":36,"date":"2014-12-10T21:18:47","date_gmt":"2014-12-10T21:18:47","guid":{"rendered":"http:\/\/greenfilmshooting.net\/blog\/de\/?page_id=36"},"modified":"2015-01-02T12:00:54","modified_gmt":"2015-01-02T12:00:54","slug":"helen-hunt","status":"publish","type":"page","link":"https:\/\/greenfilmshooting.net\/blog\/de\/statements\/helen-hunt\/","title":{"rendered":"Helen Hunt"},"content":{"rendered":"<p>Schauspielerin<\/p>\n<p>\u201eIch arbeite mit der amerikanischen Firma Sungevity zusammen, die Sonnenkollektoren f\u00fcr Privath\u00e4user vermietet. Sie versteht es, innovative \u00f6kologische Konzepte zu entwickeln, die auch \u00f6konomisch erfolgreich sind. Das ist mein kleiner, aber kontinuierlicher Beitrag zum Umweltschutz. Ich denke, wenn jeder etwas dazu beitr\u00e4gt, kann das im Endeffekt sehr viel bewirken.\u201c<\/p>\n<p>Foto:\u00a9Zurich Film Festival<\/p>","protected":false},"excerpt":{"rendered":"Schauspielerin \u201eIch arbeite mit der amerikanischen Firma Sungevity zusammen, die Sonnenkollektoren f\u00fcr Privath\u00e4user vermietet. Sie versteht es, innovative \u00f6kologische Konzepte zu entwickeln, die auch \u00f6konomisch erfolgreich sind. Das ist mein kleiner, aber kontinuierlicher Beitrag zum Umweltschutz. Ich denke, wenn jeder etwas dazu beitr\u00e4gt, kann das im Endeffekt sehr viel bewirken.\u201c Foto:\u00a9Zurich Film Festival","protected":false},"author":3,"featured_media":37,"parent":34,"menu_order":0,"comment_status":"open","ping_status":"open","template":"","meta":{"_monsterinsights_skip_tracking":false,"_monsterinsights_sitenote_active":false,"_monsterinsights_sitenote_note":"","_monsterinsights_sitenote_category":0,"footnotes":""},"class_list":["post-36","page","type-page","status-publish","has-post-thumbnail","hentry"],"_links":{"self":[{"href":"https:\/\/greenfilmshooting.net\/blog\/de\/wp-json\/wp\/v2\/pages\/36","targetHints":{"allow":["GET"]}}],"collection":[{"href":"https:\/\/greenfilmshooting.net\/blog\/de\/wp-json\/wp\/v2\/pages"}],"about":[{"href":"https:\/\/greenfilmshooting.net\/blog\/de\/wp-json\/wp\/v2\/types\/page"}],"author":[{"embeddable":true,"href":"https:\/\/greenfilmshooting.net\/blog\/de\/wp-json\/wp\/v2\/users\/3"}],"replies":[{"embeddable":true,"href":"https:\/\/greenfilmshooting.net\/blog\/de\/wp-json\/wp\/v2\/comments?post=36"}],"version-history":[{"count":4,"href":"https:\/\/greenfilmshooting.net\/blog\/de\/wp-json\/wp\/v2\/pages\/36\/revisions"}],"predecessor-version":[{"id":415,"href":"https:\/\/greenfilmshooting.net\/blog\/de\/wp-json\/wp\/v2\/pages\/36\/revisions\/415"}],"up":[{"embeddable":true,"href":"https:\/\/greenfilmshooting.net\/blog\/de\/wp-json\/wp\/v2\/pages\/34"}],"wp:featuredmedia":[{"embeddable":true,"href":"https:\/\/greenfilmshooting.net\/blog\/de\/wp-json\/wp\/v2\/media\/37"}],"wp:attachment":[{"href":"https:\/\/greenfilmshooting.net\/blog\/de\/wp-json\/wp\/v2\/media?parent=36"}],"curies":[{"name":"wp","href":"https:\/\/api.w.org\/{rel}","templated":true}]}}