{"id":419,"date":"2015-01-02T11:46:22","date_gmt":"2015-01-02T11:46:22","guid":{"rendered":"http:\/\/greenfilmshooting.net\/blog\/de\/?page_id=419"},"modified":"2015-02-22T02:14:38","modified_gmt":"2015-02-22T02:14:38","slug":"benoit-delhomme","status":"publish","type":"page","link":"https:\/\/greenfilmshooting.net\/blog\/de\/statements\/benoit-delhomme\/","title":{"rendered":"Benoit Delhomme"},"content":{"rendered":"<p>Kameramann (<em>Theory of Everything, The Most Wanted Man<\/em>)<\/p>\n<p>\u201eIch habe nie konkrete Vorgaben erhalten, wie ein gr\u00fcner Film gedreht werden soll, aber wir versuchen, es umzusetzen. Das ist etwas Neues f\u00fcr mich.<\/p>\n<p>Nachtszenen werden mitunter zu stark ausgeleuchtet. Ich vermeide das. Wenn ich etwas mit blo\u00dfem Auge sehen kann, reicht das auch f\u00fcr die Filmaufnahmen. So gesehen bin ich ein gr\u00fcner Kameramann.\u201c<\/p>\n<p>Foto:\u00a9Benoit Delhomme<\/p><div class=\"twoclick_social_bookmarks_post_419 social_share_privacy clearfix 1.6.4 locale-de_DE sprite-de_DE\"><\/div><div class=\"twoclick-js\"><script type=\"text\/javascript\">\/* <![CDATA[ *\/\njQuery(document).ready(function($){if($('.twoclick_social_bookmarks_post_419')){$('.twoclick_social_bookmarks_post_419').socialSharePrivacy({\"services\":{\"facebook\":{\"status\":\"on\",\"txt_info\":\"2 Klicks f\\u00fcr mehr Datenschutz: Erst wenn Sie hier klicken, wird der Button aktiv und Sie k\\u00f6nnen Ihre Empfehlung an Facebook senden. Schon beim Aktivieren werden Daten an Dritte \\u00fcbertragen - siehe <em>i<\\\/em>.\",\"perma_option\":\"off\",\"action\":\"recommend\",\"language\":\"de_DE\"},\"twitter\":{\"reply_to\":\"\",\"tweet_text\":\"Benoit%20Delhomme%20%C2%BB%20Green%20Film%20Shooting\",\"status\":\"on\",\"txt_info\":\"2 Klicks f\\u00fcr mehr Datenschutz: Erst wenn Sie hier klicken, wird der Button aktiv und Sie k\\u00f6nnen Ihre Empfehlung an Twitter senden. Schon beim Aktivieren werden Daten an Dritte \\u00fcbertragen - siehe <em>i<\\\/em>.\",\"perma_option\":\"off\",\"language\":\"de\",\"referrer_track\":\"\"},\"gplus\":{\"status\":\"on\",\"txt_info\":\"2 Klicks f\\u00fcr mehr Datenschutz: Erst wenn Sie hier klicken, wird der Button aktiv und Sie k\\u00f6nnen Ihre Empfehlung an Google+ senden. Schon beim Aktivieren werden Daten an Dritte \\u00fcbertragen - siehe <em>i<\\\/em>.\",\"perma_option\":\"off\",\"referrer_track\":\"\"}},\"txt_help\":\"Wenn Sie diese Felder durch einen Klick aktivieren, werden Informationen an Facebook, Twitter, Flattr, Xing, t3n, LinkedIn, Pinterest oder Google eventuell ins Ausland \\u00fcbertragen und unter Umst\\u00e4nden auch dort gespeichert. N\\u00e4heres erfahren Sie durch einen Klick auf das <em>i<\\\/em>.\",\"settings_perma\":\"Dauerhaft aktivieren und Daten\\u00fcber-tragung zustimmen:\",\"info_link\":\"http:\\\/\\\/www.heise.de\\\/ct\\\/artikel\\\/2-Klicks-fuer-mehr-Datenschutz-1333879.html\",\"uri\":\"https:\\\/\\\/greenfilmshooting.net\\\/blog\\\/de\\\/statements\\\/benoit-delhomme\\\/\",\"post_id\":419,\"post_title_referrer_track\":\"Benoit+Delhomme\",\"display_infobox\":\"on\"});}});\n\/* ]]> *\/<\/script><\/div>","protected":false},"excerpt":{"rendered":"Kameramann (Theory of Everything, The Most Wanted Man) \u201eIch habe nie konkrete Vorgaben erhalten, wie ein gr\u00fcner Film gedreht werden soll, aber wir versuchen, es umzusetzen. Das ist etwas Neues f\u00fcr mich. Nachtszenen werden mitunter zu stark ausgeleuchtet. Ich vermeide das. Wenn ich etwas mit blo\u00dfem Auge sehen kann, reicht das auch f\u00fcr die Filmaufnahmen. \u2026 <a class=\"moretag\" href=\"https:\/\/greenfilmshooting.net\/blog\/de\/statements\/benoit-delhomme\/\">Read more<\/a>","protected":false},"author":2,"featured_media":114,"parent":34,"menu_order":0,"comment_status":"open","ping_status":"open","template":"page-statments.php","meta":{"_monsterinsights_skip_tracking":false,"_monsterinsights_sitenote_active":false,"_monsterinsights_sitenote_note":"","_monsterinsights_sitenote_category":0,"footnotes":""},"class_list":["post-419","page","type-page","status-publish","has-post-thumbnail","hentry"],"_links":{"self":[{"href":"https:\/\/greenfilmshooting.net\/blog\/de\/wp-json\/wp\/v2\/pages\/419","targetHints":{"allow":["GET"]}}],"collection":[{"href":"https:\/\/greenfilmshooting.net\/blog\/de\/wp-json\/wp\/v2\/pages"}],"about":[{"href":"https:\/\/greenfilmshooting.net\/blog\/de\/wp-json\/wp\/v2\/types\/page"}],"author":[{"embeddable":true,"href":"https:\/\/greenfilmshooting.net\/blog\/de\/wp-json\/wp\/v2\/users\/2"}],"replies":[{"embeddable":true,"href":"https:\/\/greenfilmshooting.net\/blog\/de\/wp-json\/wp\/v2\/comments?post=419"}],"version-history":[{"count":3,"href":"https:\/\/greenfilmshooting.net\/blog\/de\/wp-json\/wp\/v2\/pages\/419\/revisions"}],"predecessor-version":[{"id":892,"href":"https:\/\/greenfilmshooting.net\/blog\/de\/wp-json\/wp\/v2\/pages\/419\/revisions\/892"}],"up":[{"embeddable":true,"href":"https:\/\/greenfilmshooting.net\/blog\/de\/wp-json\/wp\/v2\/pages\/34"}],"wp:featuredmedia":[{"embeddable":true,"href":"https:\/\/greenfilmshooting.net\/blog\/de\/wp-json\/wp\/v2\/media\/114"}],"wp:attachment":[{"href":"https:\/\/greenfilmshooting.net\/blog\/de\/wp-json\/wp\/v2\/media?parent=419"}],"curies":[{"name":"wp","href":"https:\/\/api.w.org\/{rel}","templated":true}]}}