{"id":421,"date":"2015-01-02T11:47:31","date_gmt":"2015-01-02T11:47:31","guid":{"rendered":"http:\/\/greenfilmshooting.net\/blog\/de\/?page_id=421"},"modified":"2015-02-24T03:21:07","modified_gmt":"2015-02-24T03:21:07","slug":"dieter-kosslick","status":"publish","type":"page","link":"https:\/\/greenfilmshooting.net\/blog\/de\/statements\/dieter-kosslick\/","title":{"rendered":"Dieter Kosslick, Direktor der Internationalen Filmfestspiele Berlin"},"content":{"rendered":"<p>\u201eDie Berlinale besch\u00e4ftigt sich schon seit Jahren aktiv mit dem Thema Nachhaltigkeit. Wir begr\u00fc\u00dfen es sehr, dass nun eine wachsende Anzahl von Filmemachern, darunter unser diesj\u00e4hriger Jury-Pr\u00e4sident Darren Aranofsky, am Set gr\u00fcnen Regeln folgt.\u201c<\/p>\n<p>&nbsp;<\/p><div class=\"twoclick_social_bookmarks_post_421 social_share_privacy clearfix 1.6.4 locale-de_DE sprite-de_DE\"><\/div><div class=\"twoclick-js\"><script type=\"text\/javascript\">\/* <![CDATA[ *\/\njQuery(document).ready(function($){if($('.twoclick_social_bookmarks_post_421')){$('.twoclick_social_bookmarks_post_421').socialSharePrivacy({\"services\":{\"facebook\":{\"status\":\"on\",\"txt_info\":\"2 Klicks f\\u00fcr mehr Datenschutz: Erst wenn Sie hier klicken, wird der Button aktiv und Sie k\\u00f6nnen Ihre Empfehlung an Facebook senden. Schon beim Aktivieren werden Daten an Dritte \\u00fcbertragen - siehe <em>i<\\\/em>.\",\"perma_option\":\"off\",\"action\":\"recommend\",\"language\":\"de_DE\"},\"twitter\":{\"reply_to\":\"\",\"tweet_text\":\"%20Dieter%20Kosslick%2C%20Direktor%20der%20Internationalen%20Filmfestspiele%20Berlin%20%C2%BB%20Green%20Film%20...\",\"status\":\"on\",\"txt_info\":\"2 Klicks f\\u00fcr mehr Datenschutz: Erst wenn Sie hier klicken, wird der Button aktiv und Sie k\\u00f6nnen Ihre Empfehlung an Twitter senden. Schon beim Aktivieren werden Daten an Dritte \\u00fcbertragen - siehe <em>i<\\\/em>.\",\"perma_option\":\"off\",\"language\":\"de\",\"referrer_track\":\"\"},\"gplus\":{\"status\":\"on\",\"txt_info\":\"2 Klicks f\\u00fcr mehr Datenschutz: Erst wenn Sie hier klicken, wird der Button aktiv und Sie k\\u00f6nnen Ihre Empfehlung an Google+ senden. Schon beim Aktivieren werden Daten an Dritte \\u00fcbertragen - siehe <em>i<\\\/em>.\",\"perma_option\":\"off\",\"referrer_track\":\"\"}},\"txt_help\":\"Wenn Sie diese Felder durch einen Klick aktivieren, werden Informationen an Facebook, Twitter, Flattr, Xing, t3n, LinkedIn, Pinterest oder Google eventuell ins Ausland \\u00fcbertragen und unter Umst\\u00e4nden auch dort gespeichert. N\\u00e4heres erfahren Sie durch einen Klick auf das <em>i<\\\/em>.\",\"settings_perma\":\"Dauerhaft aktivieren und Daten\\u00fcber-tragung zustimmen:\",\"info_link\":\"http:\\\/\\\/www.heise.de\\\/ct\\\/artikel\\\/2-Klicks-fuer-mehr-Datenschutz-1333879.html\",\"uri\":\"https:\\\/\\\/greenfilmshooting.net\\\/blog\\\/de\\\/statements\\\/dieter-kosslick\\\/\",\"post_id\":421,\"post_title_referrer_track\":\"Dieter+Kosslick%2C+Direktor+der+Internationalen+Filmfestspiele+Berlin\",\"display_infobox\":\"on\"});}});\n\/* ]]> *\/<\/script><\/div>","protected":false},"excerpt":{"rendered":"\u201eDie Berlinale besch\u00e4ftigt sich schon seit Jahren aktiv mit dem Thema Nachhaltigkeit. Wir begr\u00fc\u00dfen es sehr, dass nun eine wachsende Anzahl von Filmemachern, darunter unser diesj\u00e4hriger Jury-Pr\u00e4sident Darren Aranofsky, am Set gr\u00fcnen Regeln folgt.\u201c &nbsp;","protected":false},"author":2,"featured_media":133,"parent":34,"menu_order":0,"comment_status":"open","ping_status":"open","template":"page-statments.php","meta":{"_monsterinsights_skip_tracking":false,"_monsterinsights_sitenote_active":false,"_monsterinsights_sitenote_note":"","_monsterinsights_sitenote_category":0,"footnotes":""},"class_list":["post-421","page","type-page","status-publish","has-post-thumbnail","hentry"],"_links":{"self":[{"href":"https:\/\/greenfilmshooting.net\/blog\/de\/wp-json\/wp\/v2\/pages\/421","targetHints":{"allow":["GET"]}}],"collection":[{"href":"https:\/\/greenfilmshooting.net\/blog\/de\/wp-json\/wp\/v2\/pages"}],"about":[{"href":"https:\/\/greenfilmshooting.net\/blog\/de\/wp-json\/wp\/v2\/types\/page"}],"author":[{"embeddable":true,"href":"https:\/\/greenfilmshooting.net\/blog\/de\/wp-json\/wp\/v2\/users\/2"}],"replies":[{"embeddable":true,"href":"https:\/\/greenfilmshooting.net\/blog\/de\/wp-json\/wp\/v2\/comments?post=421"}],"version-history":[{"count":4,"href":"https:\/\/greenfilmshooting.net\/blog\/de\/wp-json\/wp\/v2\/pages\/421\/revisions"}],"predecessor-version":[{"id":929,"href":"https:\/\/greenfilmshooting.net\/blog\/de\/wp-json\/wp\/v2\/pages\/421\/revisions\/929"}],"up":[{"embeddable":true,"href":"https:\/\/greenfilmshooting.net\/blog\/de\/wp-json\/wp\/v2\/pages\/34"}],"wp:featuredmedia":[{"embeddable":true,"href":"https:\/\/greenfilmshooting.net\/blog\/de\/wp-json\/wp\/v2\/media\/133"}],"wp:attachment":[{"href":"https:\/\/greenfilmshooting.net\/blog\/de\/wp-json\/wp\/v2\/media?parent=421"}],"curies":[{"name":"wp","href":"https:\/\/api.w.org\/{rel}","templated":true}]}}