{"id":423,"date":"2015-01-02T11:49:20","date_gmt":"2015-01-02T11:49:20","guid":{"rendered":"http:\/\/greenfilmshooting.net\/blog\/de\/?page_id=423"},"modified":"2015-02-23T20:12:00","modified_gmt":"2015-02-23T20:12:00","slug":"douglas-trumbull","status":"publish","type":"page","link":"https:\/\/greenfilmshooting.net\/blog\/de\/statements\/douglas-trumbull\/","title":{"rendered":"Douglas Trumbull"},"content":{"rendered":"<p>Douglas Trumbull, Produzent, Regisseur und Visual Effects Supervisor (<em>2001: Odyssee im Weltraum, Blade Runner<\/em>)<\/p>\n<p>\u201eDie <a href=\"http:\/\/douglastrumbull.com\/\">Trumbull Studios<\/a> in Massachusetts versuchen so gr\u00fcn zu sein wie m\u00f6glich, wozu der Einsatz von LED-Scheinwerfern, Sonnenenergie und Solar-Laptops geh\u00f6rt. Und zwar nicht nur, weil die Stromst\u00e4rke und der Drehstrom an unserem Standort begrenzt sind, sondern weil wir davon \u00fcberzeugt sind, dass wir als Branche gegen\u00fcber der Allgemeinheit und unserem Planeten die Verantwortung haben, sauber zu produzieren.\u201c<\/p>\n<p>Wir planen, einen digitalen Film in 3D 4K mit 120 Bildern pro Sekunde an entlegenen, unzug\u00e4nglichen Orten zu drehen, an denen es keinen Strom gibt. Solarstrom ist der Weg, den wir einschlagen m\u00fcssen.\u201c<\/p><div class=\"twoclick_social_bookmarks_post_423 social_share_privacy clearfix 1.6.4 locale-de_DE sprite-de_DE\"><\/div><div class=\"twoclick-js\"><script type=\"text\/javascript\">\/* <![CDATA[ *\/\njQuery(document).ready(function($){if($('.twoclick_social_bookmarks_post_423')){$('.twoclick_social_bookmarks_post_423').socialSharePrivacy({\"services\":{\"facebook\":{\"status\":\"on\",\"txt_info\":\"2 Klicks f\\u00fcr mehr Datenschutz: Erst wenn Sie hier klicken, wird der Button aktiv und Sie k\\u00f6nnen Ihre Empfehlung an Facebook senden. Schon beim Aktivieren werden Daten an Dritte \\u00fcbertragen - siehe <em>i<\\\/em>.\",\"perma_option\":\"off\",\"action\":\"recommend\",\"language\":\"de_DE\"},\"twitter\":{\"reply_to\":\"\",\"tweet_text\":\"Douglas%20Trumbull%20%C2%BB%20Green%20Film%20Shooting\",\"status\":\"on\",\"txt_info\":\"2 Klicks f\\u00fcr mehr Datenschutz: Erst wenn Sie hier klicken, wird der Button aktiv und Sie k\\u00f6nnen Ihre Empfehlung an Twitter senden. Schon beim Aktivieren werden Daten an Dritte \\u00fcbertragen - siehe <em>i<\\\/em>.\",\"perma_option\":\"off\",\"language\":\"de\",\"referrer_track\":\"\"},\"gplus\":{\"status\":\"on\",\"txt_info\":\"2 Klicks f\\u00fcr mehr Datenschutz: Erst wenn Sie hier klicken, wird der Button aktiv und Sie k\\u00f6nnen Ihre Empfehlung an Google+ senden. Schon beim Aktivieren werden Daten an Dritte \\u00fcbertragen - siehe <em>i<\\\/em>.\",\"perma_option\":\"off\",\"referrer_track\":\"\"}},\"txt_help\":\"Wenn Sie diese Felder durch einen Klick aktivieren, werden Informationen an Facebook, Twitter, Flattr, Xing, t3n, LinkedIn, Pinterest oder Google eventuell ins Ausland \\u00fcbertragen und unter Umst\\u00e4nden auch dort gespeichert. N\\u00e4heres erfahren Sie durch einen Klick auf das <em>i<\\\/em>.\",\"settings_perma\":\"Dauerhaft aktivieren und Daten\\u00fcber-tragung zustimmen:\",\"info_link\":\"http:\\\/\\\/www.heise.de\\\/ct\\\/artikel\\\/2-Klicks-fuer-mehr-Datenschutz-1333879.html\",\"uri\":\"https:\\\/\\\/greenfilmshooting.net\\\/blog\\\/de\\\/statements\\\/douglas-trumbull\\\/\",\"post_id\":423,\"post_title_referrer_track\":\"Douglas+Trumbull\",\"display_infobox\":\"on\"});}});\n\/* ]]> *\/<\/script><\/div>","protected":false},"excerpt":{"rendered":"Douglas Trumbull, Produzent, Regisseur und Visual Effects Supervisor (2001: Odyssee im Weltraum, Blade Runner) \u201eDie Trumbull Studios in Massachusetts versuchen so gr\u00fcn zu sein wie m\u00f6glich, wozu der Einsatz von LED-Scheinwerfern, Sonnenenergie und Solar-Laptops geh\u00f6rt. Und zwar nicht nur, weil die Stromst\u00e4rke und der Drehstrom an unserem Standort begrenzt sind, sondern weil wir davon \u00fcberzeugt \u2026 <a class=\"moretag\" href=\"https:\/\/greenfilmshooting.net\/blog\/de\/statements\/douglas-trumbull\/\">Read more<\/a>","protected":false},"author":2,"featured_media":919,"parent":34,"menu_order":0,"comment_status":"open","ping_status":"open","template":"","meta":{"_monsterinsights_skip_tracking":false,"_monsterinsights_sitenote_active":false,"_monsterinsights_sitenote_note":"","_monsterinsights_sitenote_category":0,"footnotes":""},"class_list":["post-423","page","type-page","status-publish","has-post-thumbnail","hentry"],"_links":{"self":[{"href":"https:\/\/greenfilmshooting.net\/blog\/de\/wp-json\/wp\/v2\/pages\/423","targetHints":{"allow":["GET"]}}],"collection":[{"href":"https:\/\/greenfilmshooting.net\/blog\/de\/wp-json\/wp\/v2\/pages"}],"about":[{"href":"https:\/\/greenfilmshooting.net\/blog\/de\/wp-json\/wp\/v2\/types\/page"}],"author":[{"embeddable":true,"href":"https:\/\/greenfilmshooting.net\/blog\/de\/wp-json\/wp\/v2\/users\/2"}],"replies":[{"embeddable":true,"href":"https:\/\/greenfilmshooting.net\/blog\/de\/wp-json\/wp\/v2\/comments?post=423"}],"version-history":[{"count":1,"href":"https:\/\/greenfilmshooting.net\/blog\/de\/wp-json\/wp\/v2\/pages\/423\/revisions"}],"predecessor-version":[{"id":425,"href":"https:\/\/greenfilmshooting.net\/blog\/de\/wp-json\/wp\/v2\/pages\/423\/revisions\/425"}],"up":[{"embeddable":true,"href":"https:\/\/greenfilmshooting.net\/blog\/de\/wp-json\/wp\/v2\/pages\/34"}],"wp:featuredmedia":[{"embeddable":true,"href":"https:\/\/greenfilmshooting.net\/blog\/de\/wp-json\/wp\/v2\/media\/919"}],"wp:attachment":[{"href":"https:\/\/greenfilmshooting.net\/blog\/de\/wp-json\/wp\/v2\/media?parent=423"}],"curies":[{"name":"wp","href":"https:\/\/api.w.org\/{rel}","templated":true}]}}