{"id":430,"date":"2015-01-02T11:53:55","date_gmt":"2015-01-02T11:53:55","guid":{"rendered":"http:\/\/greenfilmshooting.net\/blog\/de\/?page_id=430"},"modified":"2015-01-02T11:53:55","modified_gmt":"2015-01-02T11:53:55","slug":"nikola-rakocevi","status":"publish","type":"page","link":"https:\/\/greenfilmshooting.net\/blog\/de\/statements\/nikola-rakocevi\/","title":{"rendered":"Nikola Rakocevi"},"content":{"rendered":"<p><a href=\"http:\/\/shooting-stars.eu\">Shooting Star Berlinale 2014<\/a> (Circles, Travelator)<\/p>\n<p>\u201eIch w\u00fcrde mich sehr freuen, wenn ich die Gelegenheit bekomme, in einem gr\u00fcnen Film mitzuspielen. Unsere Umwelt ist, was uns inspiriert, deshalb m\u00fcssen wir sie sch\u00fctzen.\u201c<\/p><div class=\"twoclick_social_bookmarks_post_430 social_share_privacy clearfix 1.6.4 locale-de_DE sprite-de_DE\"><\/div><div class=\"twoclick-js\"><script type=\"text\/javascript\">\/* <![CDATA[ *\/\njQuery(document).ready(function($){if($('.twoclick_social_bookmarks_post_430')){$('.twoclick_social_bookmarks_post_430').socialSharePrivacy({\"services\":{\"facebook\":{\"status\":\"on\",\"txt_info\":\"2 Klicks f\\u00fcr mehr Datenschutz: Erst wenn Sie hier klicken, wird der Button aktiv und Sie k\\u00f6nnen Ihre Empfehlung an Facebook senden. Schon beim Aktivieren werden Daten an Dritte \\u00fcbertragen - siehe <em>i<\\\/em>.\",\"perma_option\":\"off\",\"action\":\"recommend\",\"language\":\"de_DE\"},\"twitter\":{\"reply_to\":\"\",\"tweet_text\":\"Nikola%20Rakocevi%20%C2%BB%20Green%20Film%20Shooting\",\"status\":\"on\",\"txt_info\":\"2 Klicks f\\u00fcr mehr Datenschutz: Erst wenn Sie hier klicken, wird der Button aktiv und Sie k\\u00f6nnen Ihre Empfehlung an Twitter senden. Schon beim Aktivieren werden Daten an Dritte \\u00fcbertragen - siehe <em>i<\\\/em>.\",\"perma_option\":\"off\",\"language\":\"de\",\"referrer_track\":\"\"},\"gplus\":{\"status\":\"on\",\"txt_info\":\"2 Klicks f\\u00fcr mehr Datenschutz: Erst wenn Sie hier klicken, wird der Button aktiv und Sie k\\u00f6nnen Ihre Empfehlung an Google+ senden. Schon beim Aktivieren werden Daten an Dritte \\u00fcbertragen - siehe <em>i<\\\/em>.\",\"perma_option\":\"off\",\"referrer_track\":\"\"}},\"txt_help\":\"Wenn Sie diese Felder durch einen Klick aktivieren, werden Informationen an Facebook, Twitter, Flattr, Xing, t3n, LinkedIn, Pinterest oder Google eventuell ins Ausland \\u00fcbertragen und unter Umst\\u00e4nden auch dort gespeichert. N\\u00e4heres erfahren Sie durch einen Klick auf das <em>i<\\\/em>.\",\"settings_perma\":\"Dauerhaft aktivieren und Daten\\u00fcber-tragung zustimmen:\",\"info_link\":\"http:\\\/\\\/www.heise.de\\\/ct\\\/artikel\\\/2-Klicks-fuer-mehr-Datenschutz-1333879.html\",\"uri\":\"https:\\\/\\\/greenfilmshooting.net\\\/blog\\\/de\\\/statements\\\/nikola-rakocevi\\\/\",\"post_id\":430,\"post_title_referrer_track\":\"Nikola+Rakocevi\",\"display_infobox\":\"on\"});}});\n\/* ]]> *\/<\/script><\/div>","protected":false},"excerpt":{"rendered":"Shooting Star Berlinale 2014 (Circles, Travelator) \u201eIch w\u00fcrde mich sehr freuen, wenn ich die Gelegenheit bekomme, in einem gr\u00fcnen Film mitzuspielen. Unsere Umwelt ist, was uns inspiriert, deshalb m\u00fcssen wir sie sch\u00fctzen.\u201c","protected":false},"author":2,"featured_media":219,"parent":34,"menu_order":0,"comment_status":"open","ping_status":"open","template":"page-statments.php","meta":{"_monsterinsights_skip_tracking":false,"_monsterinsights_sitenote_active":false,"_monsterinsights_sitenote_note":"","_monsterinsights_sitenote_category":0,"footnotes":""},"class_list":["post-430","page","type-page","status-publish","has-post-thumbnail","hentry"],"_links":{"self":[{"href":"https:\/\/greenfilmshooting.net\/blog\/de\/wp-json\/wp\/v2\/pages\/430","targetHints":{"allow":["GET"]}}],"collection":[{"href":"https:\/\/greenfilmshooting.net\/blog\/de\/wp-json\/wp\/v2\/pages"}],"about":[{"href":"https:\/\/greenfilmshooting.net\/blog\/de\/wp-json\/wp\/v2\/types\/page"}],"author":[{"embeddable":true,"href":"https:\/\/greenfilmshooting.net\/blog\/de\/wp-json\/wp\/v2\/users\/2"}],"replies":[{"embeddable":true,"href":"https:\/\/greenfilmshooting.net\/blog\/de\/wp-json\/wp\/v2\/comments?post=430"}],"version-history":[{"count":1,"href":"https:\/\/greenfilmshooting.net\/blog\/de\/wp-json\/wp\/v2\/pages\/430\/revisions"}],"predecessor-version":[{"id":431,"href":"https:\/\/greenfilmshooting.net\/blog\/de\/wp-json\/wp\/v2\/pages\/430\/revisions\/431"}],"up":[{"embeddable":true,"href":"https:\/\/greenfilmshooting.net\/blog\/de\/wp-json\/wp\/v2\/pages\/34"}],"wp:featuredmedia":[{"embeddable":true,"href":"https:\/\/greenfilmshooting.net\/blog\/de\/wp-json\/wp\/v2\/media\/219"}],"wp:attachment":[{"href":"https:\/\/greenfilmshooting.net\/blog\/de\/wp-json\/wp\/v2\/media?parent=430"}],"curies":[{"name":"wp","href":"https:\/\/api.w.org\/{rel}","templated":true}]}}