{"id":432,"date":"2015-01-02T11:55:35","date_gmt":"2015-01-02T11:55:35","guid":{"rendered":"http:\/\/greenfilmshooting.net\/blog\/de\/?page_id=432"},"modified":"2015-01-02T11:55:35","modified_gmt":"2015-01-02T11:55:35","slug":"rachael-joy","status":"publish","type":"page","link":"https:\/\/greenfilmshooting.net\/blog\/de\/statements\/rachael-joy\/","title":{"rendered":"Rachael Joy"},"content":{"rendered":"<p>Vorsitzende des PGA Green West \/ Produzentin und Moderatorin von <a href=\"http:\/\/ecopop.tv\/\">EcoPop TV<\/a><\/p>\n<p>\u201eAls Fernseh- und Filmproduzentin versuche ich, m\u00f6glichst viele umweltfreundliche Handlungen in meine Geschichten einzubauen. Denn das ist genauso wichtig, wenn nicht sogar mehr, wie nachhaltig hinter den Kulissen zu arbeiten!<\/p>\n<p>Zu diesem Zweck beteilige ich mich an <a href=\"http:\/\/pgagreen.org\">PGA Green<\/a>, der gr\u00fcnen Initiative des Producers Guild of America. Wir unterst\u00fctzen Produzenten mit praktischen Ratschl\u00e4gen und einem CO<sub>2<\/sub>&#8211; Rechner, damit sie nachhaltiger produzieren.<\/p>\n<p>Wir haben in Partnerschaft mit den Hollywoodstudios den kostenlosen <a href=\"http:\/\/greenproductionguide.com\/\">www.greenproductionguide.com<\/a> kreiert, der als gr\u00fcne Datenbank mit \u00fcber 2.000 Lieferanten weltweit nachhaltige Produktionsl\u00f6sungen bietet!\u201c<\/p><div class=\"twoclick_social_bookmarks_post_432 social_share_privacy clearfix 1.6.4 locale-de_DE sprite-de_DE\"><\/div><div class=\"twoclick-js\"><script type=\"text\/javascript\">\/* <![CDATA[ *\/\njQuery(document).ready(function($){if($('.twoclick_social_bookmarks_post_432')){$('.twoclick_social_bookmarks_post_432').socialSharePrivacy({\"services\":{\"facebook\":{\"status\":\"on\",\"txt_info\":\"2 Klicks f\\u00fcr mehr Datenschutz: Erst wenn Sie hier klicken, wird der Button aktiv und Sie k\\u00f6nnen Ihre Empfehlung an Facebook senden. Schon beim Aktivieren werden Daten an Dritte \\u00fcbertragen - siehe <em>i<\\\/em>.\",\"perma_option\":\"off\",\"action\":\"recommend\",\"language\":\"de_DE\"},\"twitter\":{\"reply_to\":\"\",\"tweet_text\":\"Rachael%20Joy%20%C2%BB%20Green%20Film%20Shooting\",\"status\":\"on\",\"txt_info\":\"2 Klicks f\\u00fcr mehr Datenschutz: Erst wenn Sie hier klicken, wird der Button aktiv und Sie k\\u00f6nnen Ihre Empfehlung an Twitter senden. Schon beim Aktivieren werden Daten an Dritte \\u00fcbertragen - siehe <em>i<\\\/em>.\",\"perma_option\":\"off\",\"language\":\"de\",\"referrer_track\":\"\"},\"gplus\":{\"status\":\"on\",\"txt_info\":\"2 Klicks f\\u00fcr mehr Datenschutz: Erst wenn Sie hier klicken, wird der Button aktiv und Sie k\\u00f6nnen Ihre Empfehlung an Google+ senden. Schon beim Aktivieren werden Daten an Dritte \\u00fcbertragen - siehe <em>i<\\\/em>.\",\"perma_option\":\"off\",\"referrer_track\":\"\"}},\"txt_help\":\"Wenn Sie diese Felder durch einen Klick aktivieren, werden Informationen an Facebook, Twitter, Flattr, Xing, t3n, LinkedIn, Pinterest oder Google eventuell ins Ausland \\u00fcbertragen und unter Umst\\u00e4nden auch dort gespeichert. N\\u00e4heres erfahren Sie durch einen Klick auf das <em>i<\\\/em>.\",\"settings_perma\":\"Dauerhaft aktivieren und Daten\\u00fcber-tragung zustimmen:\",\"info_link\":\"http:\\\/\\\/www.heise.de\\\/ct\\\/artikel\\\/2-Klicks-fuer-mehr-Datenschutz-1333879.html\",\"uri\":\"https:\\\/\\\/greenfilmshooting.net\\\/blog\\\/de\\\/statements\\\/rachael-joy\\\/\",\"post_id\":432,\"post_title_referrer_track\":\"Rachael+Joy\",\"display_infobox\":\"on\"});}});\n\/* ]]> *\/<\/script><\/div>","protected":false},"excerpt":{"rendered":"Vorsitzende des PGA Green West \/ Produzentin und Moderatorin von EcoPop TV \u201eAls Fernseh- und Filmproduzentin versuche ich, m\u00f6glichst viele umweltfreundliche Handlungen in meine Geschichten einzubauen. Denn das ist genauso wichtig, wenn nicht sogar mehr, wie nachhaltig hinter den Kulissen zu arbeiten! Zu diesem Zweck beteilige ich mich an PGA Green, der gr\u00fcnen Initiative des \u2026 <a class=\"moretag\" href=\"https:\/\/greenfilmshooting.net\/blog\/de\/statements\/rachael-joy\/\">Read more<\/a>","protected":false},"author":2,"featured_media":224,"parent":34,"menu_order":0,"comment_status":"open","ping_status":"open","template":"page-statments.php","meta":{"_monsterinsights_skip_tracking":false,"_monsterinsights_sitenote_active":false,"_monsterinsights_sitenote_note":"","_monsterinsights_sitenote_category":0,"footnotes":""},"class_list":["post-432","page","type-page","status-publish","has-post-thumbnail","hentry"],"_links":{"self":[{"href":"https:\/\/greenfilmshooting.net\/blog\/de\/wp-json\/wp\/v2\/pages\/432","targetHints":{"allow":["GET"]}}],"collection":[{"href":"https:\/\/greenfilmshooting.net\/blog\/de\/wp-json\/wp\/v2\/pages"}],"about":[{"href":"https:\/\/greenfilmshooting.net\/blog\/de\/wp-json\/wp\/v2\/types\/page"}],"author":[{"embeddable":true,"href":"https:\/\/greenfilmshooting.net\/blog\/de\/wp-json\/wp\/v2\/users\/2"}],"replies":[{"embeddable":true,"href":"https:\/\/greenfilmshooting.net\/blog\/de\/wp-json\/wp\/v2\/comments?post=432"}],"version-history":[{"count":1,"href":"https:\/\/greenfilmshooting.net\/blog\/de\/wp-json\/wp\/v2\/pages\/432\/revisions"}],"predecessor-version":[{"id":433,"href":"https:\/\/greenfilmshooting.net\/blog\/de\/wp-json\/wp\/v2\/pages\/432\/revisions\/433"}],"up":[{"embeddable":true,"href":"https:\/\/greenfilmshooting.net\/blog\/de\/wp-json\/wp\/v2\/pages\/34"}],"wp:featuredmedia":[{"embeddable":true,"href":"https:\/\/greenfilmshooting.net\/blog\/de\/wp-json\/wp\/v2\/media\/224"}],"wp:attachment":[{"href":"https:\/\/greenfilmshooting.net\/blog\/de\/wp-json\/wp\/v2\/media?parent=432"}],"curies":[{"name":"wp","href":"https:\/\/api.w.org\/{rel}","templated":true}]}}