{"id":434,"date":"2015-01-02T11:56:51","date_gmt":"2015-01-02T11:56:51","guid":{"rendered":"http:\/\/greenfilmshooting.net\/blog\/de\/?page_id=434"},"modified":"2015-01-02T11:56:51","modified_gmt":"2015-01-02T11:56:51","slug":"thekla-reuten","status":"publish","type":"page","link":"https:\/\/greenfilmshooting.net\/blog\/de\/statements\/thekla-reuten\/","title":{"rendered":"Thekla Reuten"},"content":{"rendered":"<p>Schauspielerin \/ Botschafterin des <a href=\"http:\/\/greenfilmmaking.com\/\">Green Film Making-Projektes<\/a><\/p>\n<p>\u201eDie Frage, ob ich die Botschafterin f\u00fcr Green Film Making sein wollte, war in gewisser Weise die Antwort auf meine pers\u00f6nlichen Fragen:<\/p>\n<p>Wie kann ich Dinge in meinem Leben anders gestalten, um zu einer gr\u00f6\u00dferen Ver\u00e4nderung beizutragen?<\/p>\n<p>Wie kann ich meine Handlungen ver\u00e4ndern, um eine positivere Auswirkung auf die k\u00fcnftigen Generationen zu haben?\u201c<\/p>\n<p>Photo: \u00a9Joachim Baldauf<\/p><div class=\"twoclick_social_bookmarks_post_434 social_share_privacy clearfix 1.6.4 locale-de_DE sprite-de_DE\"><\/div><div class=\"twoclick-js\"><script type=\"text\/javascript\">\/* <![CDATA[ *\/\njQuery(document).ready(function($){if($('.twoclick_social_bookmarks_post_434')){$('.twoclick_social_bookmarks_post_434').socialSharePrivacy({\"services\":{\"facebook\":{\"status\":\"on\",\"txt_info\":\"2 Klicks f\\u00fcr mehr Datenschutz: Erst wenn Sie hier klicken, wird der Button aktiv und Sie k\\u00f6nnen Ihre Empfehlung an Facebook senden. Schon beim Aktivieren werden Daten an Dritte \\u00fcbertragen - siehe <em>i<\\\/em>.\",\"perma_option\":\"off\",\"action\":\"recommend\",\"language\":\"de_DE\"},\"twitter\":{\"reply_to\":\"\",\"tweet_text\":\"Thekla%20Reuten%20%C2%BB%20Green%20Film%20Shooting\",\"status\":\"on\",\"txt_info\":\"2 Klicks f\\u00fcr mehr Datenschutz: Erst wenn Sie hier klicken, wird der Button aktiv und Sie k\\u00f6nnen Ihre Empfehlung an Twitter senden. Schon beim Aktivieren werden Daten an Dritte \\u00fcbertragen - siehe <em>i<\\\/em>.\",\"perma_option\":\"off\",\"language\":\"de\",\"referrer_track\":\"\"},\"gplus\":{\"status\":\"on\",\"txt_info\":\"2 Klicks f\\u00fcr mehr Datenschutz: Erst wenn Sie hier klicken, wird der Button aktiv und Sie k\\u00f6nnen Ihre Empfehlung an Google+ senden. Schon beim Aktivieren werden Daten an Dritte \\u00fcbertragen - siehe <em>i<\\\/em>.\",\"perma_option\":\"off\",\"referrer_track\":\"\"}},\"txt_help\":\"Wenn Sie diese Felder durch einen Klick aktivieren, werden Informationen an Facebook, Twitter, Flattr, Xing, t3n, LinkedIn, Pinterest oder Google eventuell ins Ausland \\u00fcbertragen und unter Umst\\u00e4nden auch dort gespeichert. N\\u00e4heres erfahren Sie durch einen Klick auf das <em>i<\\\/em>.\",\"settings_perma\":\"Dauerhaft aktivieren und Daten\\u00fcber-tragung zustimmen:\",\"info_link\":\"http:\\\/\\\/www.heise.de\\\/ct\\\/artikel\\\/2-Klicks-fuer-mehr-Datenschutz-1333879.html\",\"uri\":\"https:\\\/\\\/greenfilmshooting.net\\\/blog\\\/de\\\/statements\\\/thekla-reuten\\\/\",\"post_id\":434,\"post_title_referrer_track\":\"Thekla+Reuten\",\"display_infobox\":\"on\"});}});\n\/* ]]> *\/<\/script><\/div>","protected":false},"excerpt":{"rendered":"Schauspielerin \/ Botschafterin des Green Film Making-Projektes \u201eDie Frage, ob ich die Botschafterin f\u00fcr Green Film Making sein wollte, war in gewisser Weise die Antwort auf meine pers\u00f6nlichen Fragen: Wie kann ich Dinge in meinem Leben anders gestalten, um zu einer gr\u00f6\u00dferen Ver\u00e4nderung beizutragen? Wie kann ich meine Handlungen ver\u00e4ndern, um eine positivere Auswirkung auf \u2026 <a class=\"moretag\" href=\"https:\/\/greenfilmshooting.net\/blog\/de\/statements\/thekla-reuten\/\">Read more<\/a>","protected":false},"author":2,"featured_media":92,"parent":34,"menu_order":0,"comment_status":"open","ping_status":"open","template":"page-statments.php","meta":{"_monsterinsights_skip_tracking":false,"_monsterinsights_sitenote_active":false,"_monsterinsights_sitenote_note":"","_monsterinsights_sitenote_category":0,"footnotes":""},"class_list":["post-434","page","type-page","status-publish","has-post-thumbnail","hentry"],"_links":{"self":[{"href":"https:\/\/greenfilmshooting.net\/blog\/de\/wp-json\/wp\/v2\/pages\/434","targetHints":{"allow":["GET"]}}],"collection":[{"href":"https:\/\/greenfilmshooting.net\/blog\/de\/wp-json\/wp\/v2\/pages"}],"about":[{"href":"https:\/\/greenfilmshooting.net\/blog\/de\/wp-json\/wp\/v2\/types\/page"}],"author":[{"embeddable":true,"href":"https:\/\/greenfilmshooting.net\/blog\/de\/wp-json\/wp\/v2\/users\/2"}],"replies":[{"embeddable":true,"href":"https:\/\/greenfilmshooting.net\/blog\/de\/wp-json\/wp\/v2\/comments?post=434"}],"version-history":[{"count":1,"href":"https:\/\/greenfilmshooting.net\/blog\/de\/wp-json\/wp\/v2\/pages\/434\/revisions"}],"predecessor-version":[{"id":435,"href":"https:\/\/greenfilmshooting.net\/blog\/de\/wp-json\/wp\/v2\/pages\/434\/revisions\/435"}],"up":[{"embeddable":true,"href":"https:\/\/greenfilmshooting.net\/blog\/de\/wp-json\/wp\/v2\/pages\/34"}],"wp:featuredmedia":[{"embeddable":true,"href":"https:\/\/greenfilmshooting.net\/blog\/de\/wp-json\/wp\/v2\/media\/92"}],"wp:attachment":[{"href":"https:\/\/greenfilmshooting.net\/blog\/de\/wp-json\/wp\/v2\/media?parent=434"}],"curies":[{"name":"wp","href":"https:\/\/api.w.org\/{rel}","templated":true}]}}