{"id":463,"date":"2015-01-04T13:57:34","date_gmt":"2015-01-04T13:57:34","guid":{"rendered":"http:\/\/greenfilmshooting.net\/blog\/de\/?page_id=463"},"modified":"2026-02-19T14:41:00","modified_gmt":"2026-02-19T14:41:00","slug":"links","status":"publish","type":"page","link":"https:\/\/greenfilmshooting.net\/blog\/de\/links\/","title":{"rendered":"Links"},"content":{"rendered":"<h1 id=\"filmf\u00f6rderungen\">Filmf\u00f6rderungen<\/h1>\n<p><strong>Links zu Filmf\u00f6rderungen, die auf Nachhaltigkeit setzen<\/strong><\/p>\n<p><strong><a href=\"http:\/\/www.bfi.org.uk\/about-bfi\/policy-strategy\/sustainability\">British Film Institute (BFI)<\/a><\/strong><br \/>\nDas zentrale Filminstitut in Gro\u00dfbritannien setzt sich sehr stark f\u00fcr eine nachhaltige Produktionsweise ein. Neben Empfehlungen geh\u00f6rt dazu auch, Strategien f\u00fcr die verschiedenen Bereiche der Filmindustrie landesweit zu koordinieren<\/p>\n<p><strong><a href=\"http:\/\/www.cine-regio.org\/subgroups\/green_regio\/\">Cine Regio Green Production Subgroup <\/a><\/strong><br \/>\nCine Regio,ein Zusammenschluss von 39 regionalen Filmf\u00f6rderungen hat eine gr\u00fcne Arbeitsgruppe gegr\u00fcndet, die sich mit Nachhaltigkeitsapekten in der Film- und Fernsehproduktion besch\u00e4ftigt<\/p>\n<p><strong><a href=\"http:\/\/filmcommission.regione.sardegna.it\/\">Film Commission Sardinien<\/a> <\/strong><\/p>\n<p>Die Film Commission auf der italienischen Mittelmeerinsel veranstaltet gr\u00fcne Trainingsprogramme. Im Rahmen des Projekest Heroes 2020 sind Filme zum Thema Nachhaltigkeit entstanden, die auch\u00a0 hinter der Kamera nach gr\u00fcnen Regeln produziert worden sind.<\/p>\n<p><strong><a href=\"http:\/\/www.ffhsh.de\/sites\/de_1428.asp\">Filmf\u00f6rderung Hamburg Schleswig-Holstein<\/a><\/strong><br \/>\nMit dem Gr\u00fcnen Drehpass hat die norddeutsche Filmf\u00f6rderung 2011 zum ersten Mal Handlungsempfehlungen f\u00fcr eine umweltfreundliche Film- und Fernsehproduktion in Deutschland aufgestellt<\/p>\n<p><a href=\"http:\/\/www.lafc.at\/greenguide\/\"><strong>Lower Austrian Film Commission<\/strong><\/a><\/p>\n<p>Die zentrale Servicestelle f\u00fcr Dreharbeiten in Nieder\u00f6sterreich hat als zukunftsweisenden Beitrag zu mehr \u00f6kologischer, \u00f6konomischer und sozialer Verantwortung den ersten Green Guide in \u00d6sterreich kreiert<\/p>\n<p><strong><a href=\"http:\/\/www.filmfonds.nl\/\">Netherlands Films Fund<\/a><\/strong><\/p>\n<p>Die niederl\u00e4ndische Filmf\u00f6rderung stellt Produktionen seit Anfang 2015 eine kostenlose \u00d6ko-Beraterin zur Seite<\/p>\n<p><strong><a href=\"https:\/\/www.screenireland.ie\/filming\/green-filmmaking\">Screen Ireland<\/a><\/strong><br \/>\nDie nationale Filmf\u00f6rderung in Irland bietet Produktionen einen umfassenden Ma\u00dfnahmenkatalog an, wie sich Filme von der Planung bis zur Postproduktion umweltfreundlicher realisieren lassen<\/p>\n<p><strong><a href=\"http:\/\/www.screensouth.org\/\">Screen South<\/a><\/strong><br \/>\nDie regionale britische Filmf\u00f6rderung hat angek\u00fcndigt, einen Topf f\u00fcr gr\u00fcne Produktionen bereit zu stellen<\/p>\n<p><a href=\"http:\/\/www.trentinofilmcommission.it\/en\/SC\/2005\/Film_Fund.html\"><strong>Trentino Film Fund<\/strong><\/a><\/p>\n<p>Die regionale Filmf\u00f6rderung in Trentino hat im Sommer 2016 die Initiative T- Green Film gestartet, die den Produktionen finanzielle Anreize f\u00fcr ihren gr\u00fcnen Handlungen offeriert<\/p>\n<p><strong><a href=\"http:\/\/www.vaf.be\/\">Vlaams Audiovisueel Fonds<\/a><\/strong><br \/>\nDie Filmf\u00f6rderung in Flandern verlangt von jeder Produktion, die dort Mittel beantragt, den CO<sub>2<\/sub>-Fu\u00dfabdruck ihres Projektes anzugeben<\/p>\n<p><strong><a href=\"https:\/\/www.bftp.dk\/handbogen\">Vision Denmark<\/a><\/strong><br \/>\nDie Brancheninitiative Vision Denmark bietet ein gr\u00fcnes Produktionshandbuch, das einen \u00dcberblick \u00fcber Ma\u00dfnahmen in den wichtigsten Handlungsfeldern gibt<\/p>\n<h2><\/h2>\n<h1 id=\"film-initiativen\">Film-Initiativen<\/h1>\n<p><strong>Links zu gr\u00fcnen Film-Initiativen<\/strong><\/p>\n<p><strong><a href=\"www.bafta.org\/about\/sustainability\/\">BAFTA<\/a><\/strong><br \/>\nIn Gro\u00dfbritannien wird mit w\u00f6chentlichen Workshops f\u00fcr Film- und Fernsehhproduzenten ein Bewusstsein f\u00fcr Nachhaltigkeit geschaffen. Das britische BAFTA albert-Konsortium, das aus Sendern wie der BBC, Channel Four, ITV und Sky besteht, versorgt die Produktionen mit einem kostenlosen Online-Tool, mit dem sie ihren CO<sub>2<\/sub>-Fu\u00dfabdruck erheben k\u00f6nnen.<\/p>\n<p><strong><a href=\"https:\/\/www.bftp.dk\/\">B\u00e6redygtig film- &amp; tv-produktionBS 8909<\/a><\/strong><br \/>\nNachhaltige Film- und Fernsehproduktions-Initiative in D\u00e4nemark<\/p>\n<p><strong><a href=\"http:\/\/shop.bsigroup.com\/Browse-By-Subject\/Environmental-Management-and-Sustainability\/Sustainability\/Sustainable-film-with-BS-8909\/\">BS 8909<\/a><\/strong><br \/>\nBS 8909 ist der vom British Film Institute (BFI) entwickelte, britische Standard f\u00fcr nachhhaltige Filmproduktionen.<\/p>\n<p><strong><a href=\"http:\/\/www.climatemediafactory.de\/\">Climate Media Factory<\/a><\/strong><br \/>\nDie Climate Media Factory (CMF) ist ein interdisziplin\u00e4res Projekt verschiedener Hochschulen, das klimawissenschaftliche Erkenntnisse und daraus resultierende Handlungsoptionen mit Hilfe audiovisueller Medien vermittelt.<\/p>\n<p><strong><a href=\"http:\/\/www.tempestafilm.it\/en\/ecomuvi\/\">EcoMuvi<\/a><\/strong><br \/>\nEcoMuvi ist das erste Zertifizierungssystem f\u00fcr nachhaltige Filmproduktionen, das 2014 in Italien entwickelt worden ist. Kreiert worden ist es von der Produktionsfirma Tempesta, die dabei einen Fokus auf Filme in der Gr\u00f6\u00dfenordnung zwischen zwei und acht Millionen Euro gelegt hat. EcoMuvi hat bewiesen, dass sich durch eine Reduzierung des \u00f6kologischen Fu\u00dfabdrucks auch Geld einsparen l\u00e4sst.<\/p>\n<p><strong><a href=\"http:\/\/www.Ecoprod.com\">Ecoprod<\/a><\/strong><br \/>\nDie franz\u00f6sische Initiative Ecoprod ist ein Konsortium aus neun Partnern wie u. a. dem Filmf\u00f6rderungsinstitut CNC und den Fernsehsendern TF1 und France T\u00e9l\u00e9visions, welche die Carbon Clap entwickelt haben, mit der sich der CO<sub>2<\/sub>-Fu\u00dfabdruck von Film- und Fernsehproduktionen zwecks Reduktion berechnen l\u00e4sst.<\/p>\n<p><a href=\"https:\/\/www.kopiosto.fi\/AVEK\/puheista-teoiksi-ekosetti-opas-ekologisempaan-av-tuotantoon\/\"><strong>Ekosetti<\/strong><\/a><br \/>\nIn Finnland gibt eine Brosch\u00fcre einen \u00dcberblick \u00fcber die Best Practices f\u00fcr gr\u00fcne Produktion<\/p>\n<p><strong><a href=\"http:\/\/www.vaf.be\/ecologie\/\">E-Mission Handbook<\/a><\/strong><br \/>\nDie fl\u00e4mische Filmf\u00f6rderung hat ein gr\u00fcnes Handbuch mit n\u00fctzlichen Ratschl\u00e4gen und zahlreichen Kontaktadressen von Firmen herausgegeben, die bei ihren Dienstleistungen auf Nachhaltigkeit setzen<\/p>\n<p><strong><a href=\"http:\/\/www.greenfilmmaking.com\/\">Green Film Making Projekt<\/a><\/strong><\/p>\n<p>Die 2012 von der Organisation Strawberry Earth gestartete Initiative hat sich zum Ziel gesetzt, Filmemacher und Produzenten zu einer nachhaltigen Produktionsweise zu motivieren. Das Green Film Making Project kooperiert mit Filmhochschulen, organisiert Workshops und hat das Kort Film-Programm betreut, in dessen Rahmen diverse Kurzfilme so gr\u00fcn wie m\u00f6glich produziert worden sind<\/p>\n<p><strong><a href=\"http:\/\/greenfilmshooting.net\/current-issue_de\/\">Green Film Initiative<\/a><\/strong><br \/>\nDie Green Film Initiative informiert in Deutschland dar\u00fcber, wie sich Filme klimafeundlich produzieren lassen und arbeitet daran, Filmschaffende mt Klimawissenschaftlern und anderen Experten zu vernetzen, um dem globalen Problem der Erderw\u00e4rmung entgegen zu wirken<\/p>\n<p><strong><a href=\"http:\/\/www.greeningfilm.com\">Greening Film<\/a><\/strong><br \/>\nDie vom <a href=\"http:\/\/www.bfi.org.uk\/\">British Film Institute<\/a> (BFI) gestartete Initiative hat sich zum Ziel gesetzt, Filmschaffende aus allen Bereichen der Branche bei der Entwicklung von nachhaltigen Strategien zu unterst\u00fctzen, um die Umwelt zu sch\u00fctzen und Kosten zu sparen<\/p>\n<p><strong><a href=\"http:\/\/www.greenproductionguide.com\/best-practices\">Green Production Guide<\/a><\/strong><br \/>\nDer Best Practices-Guide von der PGA Green zeigt die besten Strategien f\u00fcr gr\u00fcne Produktionen auf, die auf der Erfahrung von einer ganzen Reihe von Produzenten basieren, die in der Film- und Fernsehproduktion in den USA auf Nachhaltigkeit setzen<\/p>\n<p><strong><a href=\"https:\/\/www.interregeurope.eu\/greenscreen\/\">Green Screen<\/a><\/strong><br \/>\nVon 2017 bis 2021 angelegtes Interreg-Projekt zur Umsetzung gr\u00fcner Filmproduktionspraktiken unter der Leitung von Film London, an dem insgesamt acht europ\u00e4ische Partner beteiligt sind: Flanders Audiovisual Fund,\u00a0 Belgien; Ile-de-France Film Commission, Frankreich; Municipality of Ystad, Schweden; \u00a0 Prom\u00e1laga, Spanien; Bucharest Ilfov Regional Development Agency, Rum\u00e4nien; Rzeszow Regional Development Agency, Polen und\u00a0 Slovak Film Commission, Slowakei.<\/p>\n<p><strong><a href=\"http:\/\/www.greenscreentoronto.com\">Green Screen Toronto<\/a><\/strong><br \/>\nDieses preisgekr\u00f6nte Programm unterst\u00fctzt die Film- und Fernsehbranche in Kanada dabei, innovative und nachhaltige Produktionspraktiken umzusetzen<\/p>\n<p><strong><a href=\"http:\/\/www.greenshot.org\/\">Greenshoot<\/a><\/strong><br \/>\nDie weltweit operierende Organisation hat ein nachhaltiges Managementsystem entwickelt, das jede Produktion individuell adaptieren kann, um ihre Emissionen und Kosten zu senken<\/p>\n<p><strong><a href=\"https:\/\/portugalfilmcommission.com\/en\/news\/green-shooting-portugal-guide-to-sustainable-filming\/\">Green Shooting Portugal<\/a><\/strong><br \/>\nDie\u00a0 Portugal Film Commission bietet einen Best Practice Guide und eine Checkliste f\u00fcr gr\u00fcne Filmproduktionen an<\/p>\n<p><a href=\"https:\/\/nordicecomediaalliance.com\"><strong>NEMA<\/strong><\/a><br \/>\nDie Nordic Eco Media Alliance (NEMA) ist eine unabh\u00e4ngige Gruppe aus nordischen L\u00e4ndern, die sich daf\u00fcr einsetzt, die nachhaltige Entwicklung und Umweltfreundlichkeit in der Medienbranche in den nordischen L\u00e4ndern voranzubringen<\/p>\n<p><strong><a href=\"http:\/\/www1.nyc.gov\/site\/mome\/resources\/nyc-film-green-home.page\">NYC Film Green<\/a><\/strong><br \/>\nMit diesem gr\u00fcnen Programm versucht die Stadt New York Film- und Fernsehproduktionen dazu motivieren, nachhaltig zu produzieren.<\/p>\n<p><strong><a href=\"http:\/\/www.pgagreen.org\">Producers Guild of America<\/a><\/strong><br \/>\nDie gr\u00fcne Abteilung <a href=\"http:\/\/www.pgagreen.org\/\">PGA Green<\/a> des Producers Guild of America hat im Bereich nachhaltige Film- und Fernsehproduktion eine strategische F\u00fchrungsrolle in den USA \u00fcbernommen<\/p>\n<h1><\/h1>\n<h1 id=\"festivals\">Festivals<\/h1>\n<p><strong>Festivals, die auf Nachhaltigkeit setzen<\/strong><\/p>\n<p><a href=\"https:\/\/beffest.com\/\">Barents Ecology Film Festival<\/a><\/p>\n<p><a href=\"http:\/\/www.berlinale.de\">Berlinale\/ Internationale Filmfestspiele Berlin<\/a><\/p>\n<p><a href=\"http:\/\/www.cinemambiente.it\/\">Cinemambiente <\/a><\/p>\n<p><a href=\"http:\/\/wwwdeauvillegreenawards.com\">Deauville Green Awards<\/a><\/p>\n<p><a href=\"http:\/\/www.ecocup.ru\/\">Ecocup<\/a><\/p>\n<p><a href=\"http:\/\/planetinfocus.org\/film-festival\/\">Environmental Film Festival<\/a><\/p>\n<p><a href=\"http:\/\/www.greenscreen-festival.de\/\">Green Screen<\/a><\/p>\n<p><a href=\"http:\/\/2012.tiff-jp.net\/en\/\">Internationales Film Festival Tokio<\/a><\/p>\n<p><a href=\"http:\/\/www.natur-vision.de\">NaturVision Film Festival<\/a><\/p>\n<p><a href=\"http:\/\/www.festivalsiciliambiente.it\/?lang=en\">SiciliAmbiente Documentary Film Festival<\/a><\/p>\n<p><a href=\"http:\/\/www.zff.ch\">Zurich Film Festival<\/a><\/p>\n<h2 id=\"fernsehen\">Fernsehen<\/h2>\n<p><strong>Links zu gr\u00fcnen Fernseh-Initiativen<\/strong><\/p>\n<p><strong><a href=\"http:\/\/www.bafta.org\/about\/sustainability\/albert\/\">BAFTA<\/a><\/strong><br \/>\nDie British Academy of Film and Television Arts (BAFTA) ist an einer ganzen Reihe von Projekten beteiligt, die darauf abzielen, den CO<sub>2<\/sub>-Fu\u00dfabdruck in der Film- und Fernsehbranche zu reduzieren<\/p>\n<p><strong><a href=\"http:\/\/tech.ebu.ch\/green\">Green Broadcasting-Gruppe<\/a><\/strong><br \/>\nMit der neu gegr\u00fcndeten Green BroadcastinGruppe setzt sich die European Broadcasting Union (EBU) f\u00fcr mehr Nachhaltigkeit in den Sendern ein. Als erste Aktionen sind ein gr\u00fcner Leitfaden, Fallstudien sowie Seminare geplant<\/p>\n<p><strong><a href=\"http:\/\/oregonfilm.org\/green\/\">Oregon Film \u2013 Green Production<\/a><\/strong><br \/>\nDas Governor\u2019s Office of Film &amp; Television im US-Bundesstaat Oregon setzt bereits seit den 70er Jahren auf nachhaltige Initiativen.\u00a0 Zu den gr\u00fcnen Ma\u00dfnahmen, um gr\u00fcne Produktionen zu unterst\u00fctzen, geh\u00f6rt ein CO-2-Rechner sowie ein Online-Verzeichnis f\u00fcr Biodiesel-Tankstellen<\/p>\n<p><strong><a href=\"http:\/\/www.pgagreen.org\">PGA Green<\/a><\/strong><br \/>\nPGA Green, die gr\u00fcne Abteilung des Producers Guild of America. hat im Bereich nachhaltige Film- und Fernsehproduktion eine strategische F\u00fchrungsrolle in den USA \u00fcbernommen<\/p>\n<h2><\/h2>\n<h1 id=\"werbung\">Werbung<\/h1>\n<p><strong>Links zu gr\u00fcnen Initiativen in der Werbefilmproduktion<\/strong><\/p>\n<p><strong><a href=\"http:\/\/adgreen-apa.net\/\">Adgreen<\/a><\/strong><br \/>\nDie britische Initiative, die von der Advertising Producers Association (APA) unterst\u00fctzt wird, verfolgt das Ziel, Werbespots gr\u00fcner zu produzieren<\/p>\n<p><strong><a href=\"http:\/\/www.bbdo.de\/\">BBDO Germany<\/a><\/strong><br \/>\nDie gr\u00f6\u00dfte deutsche Werbeagentur BBDO hat eine Software entwickelt, mit der sich bei der Produktion eines Fernsehspots in jedem Bereich der ****CO<sub>2<\/sub><strong>-Fu\u00dfabdruck<\/strong> errechnen l\u00e4sst<\/p>\n<p><strong><a href=\"http:\/\/www.carbonfilmquote.com\/\">Carbon Film Quote<\/a><\/strong><br \/>\nDie Initiative e Carbon Film Quotenitiative ist ein weltweites Pilotprojekt, welches das ZIel verfolgt, die CO<sub>2<\/sub>-Emissionen bei der Produktion von Werbefillmen zu senken<\/p>\n<h2><\/h2>\n<h1 id=\"it-und-mehr\">IT und mehr<\/h1>\n<p><strong>Links zu gr\u00fcnen IT-Initiativen<\/strong><\/p>\n<p><strong><a href=\"http:\/\/www.carbonwarroom.com\/\">Carbon War Room<\/a><\/strong><br \/>\nDie amerikanische Non-Profit-Organisation Carbon War Room bringt Strategen und Praktiker aus verschiedenen Branchen wie Green Finance und IT, Energieeffizienz, Schifffahrt oder Logistik zusammen, um innovative Gesch\u00e4ftsmodelle zur Einf\u00fchrung emissionsarmer Technologien zu entwickeln<\/p>\n<p><strong><a href=\"http:\/\/www.ict4s.org\/\">ITC for Sustainanbilty 2013<\/a><\/strong><br \/>\nDie Forschungsgruppe Informatics and Sustainability der Uni Z\u00fcrich organisiert gemeinsam mit dem Energy Science Center der ETH, der Abteilung Technologie und Gesellschaft der Empa und dem <a href=\"http:\/\/cesc.kth.se\">Center for Sustainable Communications<\/a> der KTH, Stockholm, die erste internationale Konferenz<em> ICT for Sustainability<\/em> vom 14.-16. Februar 2013 in Z\u00fcrich<\/p>\n<h2><\/h2>\n<h1 id=\"it-und-mehr\">Theater<\/h1>\n<p><strong>Links zu gr\u00fcnen Theater-Projekten<\/strong><\/p>\n<p><strong><a href=\"http:\/\/www.carbonwarroom.com\/\">Klimaparlament<\/a><\/strong><\/p>\n<p>Im Klimaparlament erheben s\u00e4mtliche Wesen wie Stadtb\u00e4ume, Eichh\u00f6rnchen und Fl\u00fcsse, aber auch \u201cUnwesen\u201d wie Hochh\u00e4user, Autos, Flugh\u00e4fen ihre Stimme.<\/p>\n<pre><\/pre><div class=\"twoclick_social_bookmarks_post_463 social_share_privacy clearfix 1.6.4 locale-de_DE sprite-de_DE\"><\/div><div class=\"twoclick-js\"><script type=\"text\/javascript\">\/* <![CDATA[ *\/\njQuery(document).ready(function($){if($('.twoclick_social_bookmarks_post_463')){$('.twoclick_social_bookmarks_post_463').socialSharePrivacy({\"services\":{\"facebook\":{\"status\":\"on\",\"txt_info\":\"2 Klicks f\\u00fcr mehr Datenschutz: Erst wenn Sie hier klicken, wird der Button aktiv und Sie k\\u00f6nnen Ihre Empfehlung an Facebook senden. Schon beim Aktivieren werden Daten an Dritte \\u00fcbertragen - siehe <em>i<\\\/em>.\",\"perma_option\":\"off\",\"action\":\"recommend\",\"language\":\"de_DE\"},\"twitter\":{\"reply_to\":\"\",\"tweet_text\":\"Links%20%C2%BB%20Green%20Film%20Shooting\",\"status\":\"on\",\"txt_info\":\"2 Klicks f\\u00fcr mehr Datenschutz: Erst wenn Sie hier klicken, wird der Button aktiv und Sie k\\u00f6nnen Ihre Empfehlung an Twitter senden. Schon beim Aktivieren werden Daten an Dritte \\u00fcbertragen - siehe <em>i<\\\/em>.\",\"perma_option\":\"off\",\"language\":\"de\",\"referrer_track\":\"\"},\"gplus\":{\"status\":\"on\",\"txt_info\":\"2 Klicks f\\u00fcr mehr Datenschutz: Erst wenn Sie hier klicken, wird der Button aktiv und Sie k\\u00f6nnen Ihre Empfehlung an Google+ senden. Schon beim Aktivieren werden Daten an Dritte \\u00fcbertragen - siehe <em>i<\\\/em>.\",\"perma_option\":\"off\",\"referrer_track\":\"\"}},\"txt_help\":\"Wenn Sie diese Felder durch einen Klick aktivieren, werden Informationen an Facebook, Twitter, Flattr, Xing, t3n, LinkedIn, Pinterest oder Google eventuell ins Ausland \\u00fcbertragen und unter Umst\\u00e4nden auch dort gespeichert. N\\u00e4heres erfahren Sie durch einen Klick auf das <em>i<\\\/em>.\",\"settings_perma\":\"Dauerhaft aktivieren und Daten\\u00fcber-tragung zustimmen:\",\"info_link\":\"http:\\\/\\\/www.heise.de\\\/ct\\\/artikel\\\/2-Klicks-fuer-mehr-Datenschutz-1333879.html\",\"uri\":\"https:\\\/\\\/greenfilmshooting.net\\\/blog\\\/de\\\/links\\\/\",\"post_id\":463,\"post_title_referrer_track\":\"Links\",\"display_infobox\":\"on\"});}});\n\/* ]]> *\/<\/script><\/div>","protected":false},"excerpt":{"rendered":"Filmf\u00f6rderungen Links zu Filmf\u00f6rderungen, die auf Nachhaltigkeit setzen British Film Institute (BFI) Das zentrale Filminstitut in Gro\u00dfbritannien setzt sich sehr stark f\u00fcr eine nachhaltige Produktionsweise ein. Neben Empfehlungen geh\u00f6rt dazu auch, Strategien f\u00fcr die verschiedenen Bereiche der Filmindustrie landesweit zu koordinieren Cine Regio Green Production Subgroup Cine Regio,ein Zusammenschluss von 39 regionalen Filmf\u00f6rderungen hat eine \u2026 <a class=\"moretag\" href=\"https:\/\/greenfilmshooting.net\/blog\/de\/links\/\">Read more<\/a>","protected":false},"author":2,"featured_media":0,"parent":0,"menu_order":0,"comment_status":"open","ping_status":"open","template":"","meta":{"_monsterinsights_skip_tracking":false,"_monsterinsights_sitenote_active":false,"_monsterinsights_sitenote_note":"","_monsterinsights_sitenote_category":0,"footnotes":""},"class_list":["post-463","page","type-page","status-publish","hentry"],"_links":{"self":[{"href":"https:\/\/greenfilmshooting.net\/blog\/de\/wp-json\/wp\/v2\/pages\/463","targetHints":{"allow":["GET"]}}],"collection":[{"href":"https:\/\/greenfilmshooting.net\/blog\/de\/wp-json\/wp\/v2\/pages"}],"about":[{"href":"https:\/\/greenfilmshooting.net\/blog\/de\/wp-json\/wp\/v2\/types\/page"}],"author":[{"embeddable":true,"href":"https:\/\/greenfilmshooting.net\/blog\/de\/wp-json\/wp\/v2\/users\/2"}],"replies":[{"embeddable":true,"href":"https:\/\/greenfilmshooting.net\/blog\/de\/wp-json\/wp\/v2\/comments?post=463"}],"version-history":[{"count":38,"href":"https:\/\/greenfilmshooting.net\/blog\/de\/wp-json\/wp\/v2\/pages\/463\/revisions"}],"predecessor-version":[{"id":10173,"href":"https:\/\/greenfilmshooting.net\/blog\/de\/wp-json\/wp\/v2\/pages\/463\/revisions\/10173"}],"wp:attachment":[{"href":"https:\/\/greenfilmshooting.net\/blog\/de\/wp-json\/wp\/v2\/media?parent=463"}],"curies":[{"name":"wp","href":"https:\/\/api.w.org\/{rel}","templated":true}]}}