{"id":4828,"date":"2018-10-13T13:33:33","date_gmt":"2018-10-13T13:33:33","guid":{"rendered":"http:\/\/greenfilmshooting.net\/blog\/de\/?page_id=4828"},"modified":"2025-01-02T01:43:33","modified_gmt":"2025-01-02T01:43:33","slug":"umweltleitlinie","status":"publish","type":"page","link":"https:\/\/greenfilmshooting.net\/blog\/de\/umweltleitlinie\/","title":{"rendered":"Umweltleitlinien"},"content":{"rendered":"<p>\u00d6kologie und Nachhaltigkeit sind elementarer Bestandteil unseres Leitbildes und fest in unseren Unternehmenszielen verankert.<\/p>\n<p>Aktiver Umweltschutz ist bei allem Handeln unsere Leitlinie. Es ist unser zentrales Anliegen sparsam mit Energie und Ressourcen umzugehen, um Umweltbelastungen zu vermeiden.<\/p>\n<p>In allen Arbeitsbereichen soll die Belastung der Umwelt stets so gering wie m\u00f6glich gehalten werden. Zur Verringerung der negativen Umwelteinwirkungen setzen wir bevorzugt auf die Verwendung und Entsorgung von umweltvertr\u00e4glichen Produkten. Zudem tragen wir daf\u00fcr Sorge, dass Abf\u00e4lle vermieden und unvermeidbare Abf\u00e4lle wiederverwertet oder umweltvertr\u00e4glich entsorgt werden.<\/p>\n<p>Energie zu sparen, bedeutet die Umweltbelastung zu verringern. Deshalb geh\u00f6rt es zu unseren Anliegen, die Verwendung von Ressourcen wie Energie, Wasser, Materialien in unserem Unternehmen kritisch zu \u00fcberpr\u00fcfen und zu optimieren. Wir beziehen unseren Strom aus erneuerbaren Energiequellen. Beim Bezug von Materialien werfen wir einen Blick in die Lieferkette, um den Einsatz problematischer Stoffe, prek\u00e4rer Rohstoffgewinnung sowie Ausbeutung, von Mensch, Tier und Umwelt zu vermeiden.<\/p>\n<p>Als Verkehrmittel verwenden wir vornehmlich das Fahrrad und nehmen Dienstreisen im Inland mit der Bahn vor.<\/p>\n<p>Bei allen Arbeitsabl\u00e4ufen und der Herstellung von Produkten sind die Auswahl der Ausgangsstoffe und umweltschonende Produktionsverfahren oberstes Gebot. Deshalb setzen wir bei der Produktion unserer Druckerzeugnisse nich nur auf die Verwendung von hundertprozentigem Recyclingpapier, sondern auf eine Zertifierung mit dem Blauen Engel.\u00a0 Unsere Website hosten wir bei einem Anbieter, der seine Server im Rechenzentrum mit Strom aus Erneuerbaren Energien betreibt.<\/p>\n<p>Unser Engagement f\u00fcr Umweltschutz bedeutet auch, uns aktiv f\u00fcr die Erhaltung der Tier- und Pflanzenwelt in unserem unmittelbaren Umfeld einzusetzen.<\/p>\n<p>Unser Hauptanliegen besteht darin, die Film- und Medienbranche im In- und Ausland \u00fcber umweltschonende Ans\u00e4tze, Ma\u00dfnahmen und M\u00f6glichkeiten in der Film- und Medienproduktion zu informieren. Dies geschieht \u00fcber unser Magazin, die Website sowie im Rahmen von Workshops, Diskussionsveranstaltungen und Vortr\u00e4gen an Filmschulen.<\/p><div class=\"twoclick_social_bookmarks_post_4828 social_share_privacy clearfix 1.6.4 locale-de_DE sprite-de_DE\"><\/div><div class=\"twoclick-js\"><script type=\"text\/javascript\">\/* <![CDATA[ *\/\njQuery(document).ready(function($){if($('.twoclick_social_bookmarks_post_4828')){$('.twoclick_social_bookmarks_post_4828').socialSharePrivacy({\"services\":{\"facebook\":{\"status\":\"on\",\"txt_info\":\"2 Klicks f\\u00fcr mehr Datenschutz: Erst wenn Sie hier klicken, wird der Button aktiv und Sie k\\u00f6nnen Ihre Empfehlung an Facebook senden. Schon beim Aktivieren werden Daten an Dritte \\u00fcbertragen - siehe <em>i<\\\/em>.\",\"perma_option\":\"off\",\"action\":\"recommend\",\"language\":\"de_DE\"},\"twitter\":{\"reply_to\":\"\",\"tweet_text\":\"Umweltleitlinien%20%C2%BB%20Green%20Film%20Shooting\",\"status\":\"on\",\"txt_info\":\"2 Klicks f\\u00fcr mehr Datenschutz: Erst wenn Sie hier klicken, wird der Button aktiv und Sie k\\u00f6nnen Ihre Empfehlung an Twitter senden. Schon beim Aktivieren werden Daten an Dritte \\u00fcbertragen - siehe <em>i<\\\/em>.\",\"perma_option\":\"off\",\"language\":\"de\",\"referrer_track\":\"\"},\"gplus\":{\"status\":\"on\",\"txt_info\":\"2 Klicks f\\u00fcr mehr Datenschutz: Erst wenn Sie hier klicken, wird der Button aktiv und Sie k\\u00f6nnen Ihre Empfehlung an Google+ senden. Schon beim Aktivieren werden Daten an Dritte \\u00fcbertragen - siehe <em>i<\\\/em>.\",\"perma_option\":\"off\",\"referrer_track\":\"\"}},\"txt_help\":\"Wenn Sie diese Felder durch einen Klick aktivieren, werden Informationen an Facebook, Twitter, Flattr, Xing, t3n, LinkedIn, Pinterest oder Google eventuell ins Ausland \\u00fcbertragen und unter Umst\\u00e4nden auch dort gespeichert. N\\u00e4heres erfahren Sie durch einen Klick auf das <em>i<\\\/em>.\",\"settings_perma\":\"Dauerhaft aktivieren und Daten\\u00fcber-tragung zustimmen:\",\"info_link\":\"http:\\\/\\\/www.heise.de\\\/ct\\\/artikel\\\/2-Klicks-fuer-mehr-Datenschutz-1333879.html\",\"uri\":\"https:\\\/\\\/greenfilmshooting.net\\\/blog\\\/de\\\/umweltleitlinie\\\/\",\"post_id\":4828,\"post_title_referrer_track\":\"Umweltleitlinien\",\"display_infobox\":\"on\"});}});\n\/* ]]> *\/<\/script><\/div>","protected":false},"excerpt":{"rendered":"\u00d6kologie und Nachhaltigkeit sind elementarer Bestandteil unseres Leitbildes und fest in unseren Unternehmenszielen verankert. Aktiver Umweltschutz ist bei allem Handeln unsere Leitlinie. Es ist unser zentrales Anliegen sparsam mit Energie und Ressourcen umzugehen, um Umweltbelastungen zu vermeiden. In allen Arbeitsbereichen soll die Belastung der Umwelt stets so gering wie m\u00f6glich gehalten werden. Zur Verringerung der \u2026 <a class=\"moretag\" href=\"https:\/\/greenfilmshooting.net\/blog\/de\/umweltleitlinie\/\">Read more<\/a>","protected":false},"author":2,"featured_media":0,"parent":0,"menu_order":0,"comment_status":"closed","ping_status":"closed","template":"","meta":{"_monsterinsights_skip_tracking":false,"_monsterinsights_sitenote_active":false,"_monsterinsights_sitenote_note":"","_monsterinsights_sitenote_category":0,"footnotes":""},"class_list":["post-4828","page","type-page","status-publish","hentry"],"_links":{"self":[{"href":"https:\/\/greenfilmshooting.net\/blog\/de\/wp-json\/wp\/v2\/pages\/4828","targetHints":{"allow":["GET"]}}],"collection":[{"href":"https:\/\/greenfilmshooting.net\/blog\/de\/wp-json\/wp\/v2\/pages"}],"about":[{"href":"https:\/\/greenfilmshooting.net\/blog\/de\/wp-json\/wp\/v2\/types\/page"}],"author":[{"embeddable":true,"href":"https:\/\/greenfilmshooting.net\/blog\/de\/wp-json\/wp\/v2\/users\/2"}],"replies":[{"embeddable":true,"href":"https:\/\/greenfilmshooting.net\/blog\/de\/wp-json\/wp\/v2\/comments?post=4828"}],"version-history":[{"count":8,"href":"https:\/\/greenfilmshooting.net\/blog\/de\/wp-json\/wp\/v2\/pages\/4828\/revisions"}],"predecessor-version":[{"id":9308,"href":"https:\/\/greenfilmshooting.net\/blog\/de\/wp-json\/wp\/v2\/pages\/4828\/revisions\/9308"}],"wp:attachment":[{"href":"https:\/\/greenfilmshooting.net\/blog\/de\/wp-json\/wp\/v2\/media?parent=4828"}],"curies":[{"name":"wp","href":"https:\/\/api.w.org\/{rel}","templated":true}]}}