{"id":722,"date":"2015-01-29T01:03:30","date_gmt":"2015-01-29T01:03:30","guid":{"rendered":"http:\/\/greenfilmshooting.net\/blog\/de\/?page_id=722"},"modified":"2015-01-29T01:09:56","modified_gmt":"2015-01-29T01:09:56","slug":"nadeshda-brennicke-schauspielerin","status":"publish","type":"page","link":"https:\/\/greenfilmshooting.net\/blog\/de\/statements\/nadeshda-brennicke-schauspielerin\/","title":{"rendered":"Nadeshda Brennicke, Schauspielerin"},"content":{"rendered":"<p>\u201cWir leben in einer Zeit, in der wir uns nicht mehr verantwortungslos der Natur gegen\u00fcber verhalten d\u00fcrfen. Um so wichtiger ist es, dass auch Filmproduktionen versuchen, so umweltschonend wie m\u00f6glich zu arbeiten. Ein Filmteam produziert jeden Tag Berge von M\u00fcll. Ich selbst versuche beim Dreh auf Plastikbecher zu verzichten, bringe meine eigene Tasse mit, benutze umweltfreundliche Kosmetika und vermeide unn\u00f6tige Einzelfahrten.\u201d<\/p>\n<pre>Foto \u00ae Maddalena Arosio<\/pre><div class=\"twoclick_social_bookmarks_post_722 social_share_privacy clearfix 1.6.4 locale-de_DE sprite-de_DE\"><\/div><div class=\"twoclick-js\"><script type=\"text\/javascript\">\/* <![CDATA[ *\/\njQuery(document).ready(function($){if($('.twoclick_social_bookmarks_post_722')){$('.twoclick_social_bookmarks_post_722').socialSharePrivacy({\"services\":{\"facebook\":{\"status\":\"on\",\"txt_info\":\"2 Klicks f\\u00fcr mehr Datenschutz: Erst wenn Sie hier klicken, wird der Button aktiv und Sie k\\u00f6nnen Ihre Empfehlung an Facebook senden. Schon beim Aktivieren werden Daten an Dritte \\u00fcbertragen - siehe <em>i<\\\/em>.\",\"perma_option\":\"off\",\"action\":\"recommend\",\"language\":\"de_DE\"},\"twitter\":{\"reply_to\":\"\",\"tweet_text\":\"Nadeshda%20Brennicke%2C%20Schauspielerin%20%C2%BB%20Green%20Film%20Shooting\",\"status\":\"on\",\"txt_info\":\"2 Klicks f\\u00fcr mehr Datenschutz: Erst wenn Sie hier klicken, wird der Button aktiv und Sie k\\u00f6nnen Ihre Empfehlung an Twitter senden. Schon beim Aktivieren werden Daten an Dritte \\u00fcbertragen - siehe <em>i<\\\/em>.\",\"perma_option\":\"off\",\"language\":\"de\",\"referrer_track\":\"\"},\"gplus\":{\"status\":\"on\",\"txt_info\":\"2 Klicks f\\u00fcr mehr Datenschutz: Erst wenn Sie hier klicken, wird der Button aktiv und Sie k\\u00f6nnen Ihre Empfehlung an Google+ senden. Schon beim Aktivieren werden Daten an Dritte \\u00fcbertragen - siehe <em>i<\\\/em>.\",\"perma_option\":\"off\",\"referrer_track\":\"\"}},\"txt_help\":\"Wenn Sie diese Felder durch einen Klick aktivieren, werden Informationen an Facebook, Twitter, Flattr, Xing, t3n, LinkedIn, Pinterest oder Google eventuell ins Ausland \\u00fcbertragen und unter Umst\\u00e4nden auch dort gespeichert. N\\u00e4heres erfahren Sie durch einen Klick auf das <em>i<\\\/em>.\",\"settings_perma\":\"Dauerhaft aktivieren und Daten\\u00fcber-tragung zustimmen:\",\"info_link\":\"http:\\\/\\\/www.heise.de\\\/ct\\\/artikel\\\/2-Klicks-fuer-mehr-Datenschutz-1333879.html\",\"uri\":\"https:\\\/\\\/greenfilmshooting.net\\\/blog\\\/de\\\/statements\\\/nadeshda-brennicke-schauspielerin\\\/\",\"post_id\":722,\"post_title_referrer_track\":\"Nadeshda+Brennicke%2C+Schauspielerin\",\"display_infobox\":\"on\"});}});\n\/* ]]> *\/<\/script><\/div>","protected":false},"excerpt":{"rendered":"\u201cWir leben in einer Zeit, in der wir uns nicht mehr verantwortungslos der Natur gegen\u00fcber verhalten d\u00fcrfen. Um so wichtiger ist es, dass auch Filmproduktionen versuchen, so umweltschonend wie m\u00f6glich zu arbeiten. Ein Filmteam produziert jeden Tag Berge von M\u00fcll. Ich selbst versuche beim Dreh auf Plastikbecher zu verzichten, bringe meine eigene Tasse mit, benutze \u2026 <a class=\"moretag\" href=\"https:\/\/greenfilmshooting.net\/blog\/de\/statements\/nadeshda-brennicke-schauspielerin\/\">Read more<\/a>","protected":false},"author":4,"featured_media":721,"parent":34,"menu_order":0,"comment_status":"open","ping_status":"open","template":"page-statments.php","meta":{"_monsterinsights_skip_tracking":false,"_monsterinsights_sitenote_active":false,"_monsterinsights_sitenote_note":"","_monsterinsights_sitenote_category":0,"footnotes":""},"class_list":["post-722","page","type-page","status-publish","has-post-thumbnail","hentry"],"_links":{"self":[{"href":"https:\/\/greenfilmshooting.net\/blog\/de\/wp-json\/wp\/v2\/pages\/722","targetHints":{"allow":["GET"]}}],"collection":[{"href":"https:\/\/greenfilmshooting.net\/blog\/de\/wp-json\/wp\/v2\/pages"}],"about":[{"href":"https:\/\/greenfilmshooting.net\/blog\/de\/wp-json\/wp\/v2\/types\/page"}],"author":[{"embeddable":true,"href":"https:\/\/greenfilmshooting.net\/blog\/de\/wp-json\/wp\/v2\/users\/4"}],"replies":[{"embeddable":true,"href":"https:\/\/greenfilmshooting.net\/blog\/de\/wp-json\/wp\/v2\/comments?post=722"}],"version-history":[{"count":2,"href":"https:\/\/greenfilmshooting.net\/blog\/de\/wp-json\/wp\/v2\/pages\/722\/revisions"}],"predecessor-version":[{"id":724,"href":"https:\/\/greenfilmshooting.net\/blog\/de\/wp-json\/wp\/v2\/pages\/722\/revisions\/724"}],"up":[{"embeddable":true,"href":"https:\/\/greenfilmshooting.net\/blog\/de\/wp-json\/wp\/v2\/pages\/34"}],"wp:featuredmedia":[{"embeddable":true,"href":"https:\/\/greenfilmshooting.net\/blog\/de\/wp-json\/wp\/v2\/media\/721"}],"wp:attachment":[{"href":"https:\/\/greenfilmshooting.net\/blog\/de\/wp-json\/wp\/v2\/media?parent=722"}],"curies":[{"name":"wp","href":"https:\/\/api.w.org\/{rel}","templated":true}]}}