{"id":82,"date":"2014-12-17T17:15:49","date_gmt":"2014-12-17T17:15:49","guid":{"rendered":"http:\/\/greenfilmshooting.net\/blog\/de\/?page_id=82"},"modified":"2022-01-09T16:56:15","modified_gmt":"2022-01-09T16:56:15","slug":"guidelines","status":"publish","type":"page","link":"https:\/\/greenfilmshooting.net\/blog\/de\/guidelines\/","title":{"rendered":"Gr\u00fcne Guides"},"content":{"rendered":"<p><a href=\"http:\/\/greenfilmshooting.net\/blog\/de\/wp-content\/uploads\/sites\/2\/2016\/08\/Green-Alphabet_engl-Kopie.jpg\"><img loading=\"lazy\" decoding=\"async\" class=\"alignleft size-medium wp-image-2666\" src=\"http:\/\/greenfilmshooting.net\/blog\/de\/wp-content\/uploads\/sites\/2\/2016\/08\/Green-Alphabet_engl-Kopie-212x300.jpg\" alt=\"Green Alphabet_engl Kopie\" width=\"212\" height=\"300\" srcset=\"https:\/\/greenfilmshooting.net\/blog\/de\/wp-content\/uploads\/sites\/2\/2016\/08\/Green-Alphabet_engl-Kopie-212x300.jpg 212w, https:\/\/greenfilmshooting.net\/blog\/de\/wp-content\/uploads\/sites\/2\/2016\/08\/Green-Alphabet_engl-Kopie-768x1086.jpg 768w, https:\/\/greenfilmshooting.net\/blog\/de\/wp-content\/uploads\/sites\/2\/2016\/08\/Green-Alphabet_engl-Kopie-724x1024.jpg 724w, https:\/\/greenfilmshooting.net\/blog\/de\/wp-content\/uploads\/sites\/2\/2016\/08\/Green-Alphabet_engl-Kopie-630x891.jpg 630w, https:\/\/greenfilmshooting.net\/blog\/de\/wp-content\/uploads\/sites\/2\/2016\/08\/Green-Alphabet_engl-Kopie.jpg 1240w\" sizes=\"auto, (max-width: 212px) 100vw, 212px\" \/><\/a><\/p>\n<p>&nbsp;<\/p>\n<p>&nbsp;<\/p>\n<p>&nbsp;<\/p>\n<p>&nbsp;<\/p>\n<p>&nbsp;<\/p>\n<p>&nbsp;<\/p>\n<p>&nbsp;<\/p>\n<p>&nbsp;<\/p>\n<p>&nbsp;<\/p>\n<p><a href=\"http:\/\/greenfilmshooting.net\/blog\/en\/wp-content\/uploads\/sites\/3\/2016\/08\/Green-Alphabet-English.pdf\">Green Alphabet: The ABC of sustainability<\/a><\/p>\n<p>&nbsp;<\/p>\n<p><strong>Empfehlungen f\u00fcr nachhaltige Filmproduktionen in den verschiedenen L\u00e4ndern:<\/strong><\/p>\n<h2 id=\"belgien\">Belgien<\/h2>\n<p>Flanders Audiovisual Fund: <a href=\"http:\/\/www.vaf.be\/uploads\/media\/201310_VAF_brochures_duurzaam_filmen.pdf\">Brochure Duurzaam filmen voor filmmakers<\/a><\/p>\n<h2 id=\"deutschland\">Deutschland<\/h2>\n<p>Filmf\u00f6rderung Hamburg Schleswig-Holstein: <a href=\"http:\/\/www.ffhsh.de\/download\/97_Sonstiges\/Best_Practice_Guide_D_210213.pdf\">Gr\u00fcner Filmpass &#8211; Best Practice Guide<\/a><\/p>\n<h2 id=\"belgium\">Finnland<\/h2>\n<p>The Promotion Centre for Audiovisual Culture: <a href=\"http:\/\/www.ekosetti.fi\">Ekosetti: A Guidebook to Sustainable Audiovisual Production in Finland<\/a><\/p>\n<h2 id=\"frankreich\">Frankreich<\/h2>\n<p>Ecoprod: <a href=\"http:\/\/www.ecoprod.com\/fr\/les-outils-pour-agir\/guide-de-l-eco-production.html\">Le guide de l&#8217;\u00e9co production<\/a><\/p>\n<h2 id=\"belgium\">Italien<\/h2>\n<p>Trentino Film Fund: <a href=\"https:\/\/www.green.film\/#download\">Green Film Rating System<\/a><\/p>\n<h2 id=\"niederlande\">Niederlande<\/h2>\n<p>Green Filmmaking Project: <a href=\"http:\/\/www.greenfilmmaking.com\/wp-content\/uploads\/2014\/10\/GFM_guide_2014.pdf\">How to Green Your Film Production<\/a><\/p>\n<h2 id=\"niederlande\">\u00d6sterreich<\/h2>\n<p>Lower Austrian Film Commission (LAFC): <a href=\"https:\/\/www.lafc.at\/greenguide\/\">Evergreen Prisma &#8211; Digital Platform, Green Film Education &amp; Joint Network<\/a><\/p>\n<h2 id=\"niederlande\">Russland<\/h2>\n<p>Case Study: <a href=\"http:\/\/greenfilmshooting.net\/blog\/en\/wp-content\/uploads\/sites\/3\/2018\/11\/\u041f\u044f\u0442\u044c-\u043c\u0438\u043d\u0443\u0442-\u043d\u0435\u0431\u0430.pdf\">Tatort<\/a><\/p>\n<h2 id=\"niederlande\">Teneriffa<\/h2>\n<p>Green Guide: <a href=\"https:\/\/www.webtenerife.de\/de\/tenerifefilm\/drehgenehmigungen\/nachhaltige-produktion\/documents\/decalogo_ale.pdf\" target=\"_blank\" rel=\"noopener\">Zehn-Punkte-Guide f\u00fcr nachhaltige Filmproduktionen <\/a><\/p>\n<h2 id=\"niederlande\">Ungarn<\/h2>\n<p>Green Guide: <a href=\"https:\/\/nfi.hu\/en\/news\/green-light-to-sustainalbe-film-production\">Empfehlungen f\u00fcr gr\u00fcne Filpmroduktionen<\/a><\/p>\n<h2 id=\"australien\">Australien<\/h2>\n<p>Green Shot Pacific: <a href=\"http:\/\/www.greeneventbook.com\/downloads\/iso-20121-free-guide\/\">Green Shot Pacific ISO 20121 Free Guide<\/a><\/p>\n<h2 id=\"kanada\">Kanada<\/h2>\n<p>Green Screen: <a href=\"ttp:\/\/greenscreentoronto.com\/green_practices\/7\/?p=1&amp;sf=title&amp;sd=asc\">Green Practices Handbook<\/a><\/p>\n<h2 id=\"usa\">USA<\/h2>\n<p>PGA Green: <a href=\"http:\/\/www.greenproductionguide.com\/wp-content\/uploads\/2014\/04\/PGA-Green-Unified-Best-Practices-Guide-REV.pdf\">Best Practice Guide<\/a><\/p><div class=\"twoclick_social_bookmarks_post_82 social_share_privacy clearfix 1.6.4 locale-de_DE sprite-de_DE\"><\/div><div class=\"twoclick-js\"><script type=\"text\/javascript\">\/* <![CDATA[ *\/\njQuery(document).ready(function($){if($('.twoclick_social_bookmarks_post_82')){$('.twoclick_social_bookmarks_post_82').socialSharePrivacy({\"services\":{\"facebook\":{\"status\":\"on\",\"txt_info\":\"2 Klicks f\\u00fcr mehr Datenschutz: Erst wenn Sie hier klicken, wird der Button aktiv und Sie k\\u00f6nnen Ihre Empfehlung an Facebook senden. Schon beim Aktivieren werden Daten an Dritte \\u00fcbertragen - siehe <em>i<\\\/em>.\",\"perma_option\":\"off\",\"action\":\"recommend\",\"language\":\"de_DE\"},\"twitter\":{\"reply_to\":\"\",\"tweet_text\":\"Gr%C3%BCne%20Guides%20%C2%BB%20Green%20Film%20Shooting\",\"status\":\"on\",\"txt_info\":\"2 Klicks f\\u00fcr mehr Datenschutz: Erst wenn Sie hier klicken, wird der Button aktiv und Sie k\\u00f6nnen Ihre Empfehlung an Twitter senden. Schon beim Aktivieren werden Daten an Dritte \\u00fcbertragen - siehe <em>i<\\\/em>.\",\"perma_option\":\"off\",\"language\":\"de\",\"referrer_track\":\"\"},\"gplus\":{\"status\":\"on\",\"txt_info\":\"2 Klicks f\\u00fcr mehr Datenschutz: Erst wenn Sie hier klicken, wird der Button aktiv und Sie k\\u00f6nnen Ihre Empfehlung an Google+ senden. Schon beim Aktivieren werden Daten an Dritte \\u00fcbertragen - siehe <em>i<\\\/em>.\",\"perma_option\":\"off\",\"referrer_track\":\"\"}},\"txt_help\":\"Wenn Sie diese Felder durch einen Klick aktivieren, werden Informationen an Facebook, Twitter, Flattr, Xing, t3n, LinkedIn, Pinterest oder Google eventuell ins Ausland \\u00fcbertragen und unter Umst\\u00e4nden auch dort gespeichert. N\\u00e4heres erfahren Sie durch einen Klick auf das <em>i<\\\/em>.\",\"settings_perma\":\"Dauerhaft aktivieren und Daten\\u00fcber-tragung zustimmen:\",\"info_link\":\"http:\\\/\\\/www.heise.de\\\/ct\\\/artikel\\\/2-Klicks-fuer-mehr-Datenschutz-1333879.html\",\"uri\":\"https:\\\/\\\/greenfilmshooting.net\\\/blog\\\/de\\\/guidelines\\\/\",\"post_id\":82,\"post_title_referrer_track\":\"Gr%C3%BCne+Guides\",\"display_infobox\":\"on\"});}});\n\/* ]]> *\/<\/script><\/div>","protected":false},"excerpt":{"rendered":"&nbsp; &nbsp; &nbsp; &nbsp; &nbsp; &nbsp; &nbsp; &nbsp; &nbsp; Green Alphabet: The ABC of sustainability &nbsp; Empfehlungen f\u00fcr nachhaltige Filmproduktionen in den verschiedenen L\u00e4ndern: Belgien Flanders Audiovisual Fund: Brochure Duurzaam filmen voor filmmakers Deutschland Filmf\u00f6rderung Hamburg Schleswig-Holstein: Gr\u00fcner Filmpass &#8211; Best Practice Guide Finnland The Promotion Centre for Audiovisual Culture: Ekosetti: A Guidebook to Sustainable \u2026 <a class=\"moretag\" href=\"https:\/\/greenfilmshooting.net\/blog\/de\/guidelines\/\">Read more<\/a>","protected":false},"author":4,"featured_media":0,"parent":0,"menu_order":0,"comment_status":"open","ping_status":"open","template":"","meta":{"_monsterinsights_skip_tracking":false,"_monsterinsights_sitenote_active":false,"_monsterinsights_sitenote_note":"","_monsterinsights_sitenote_category":0,"footnotes":""},"class_list":["post-82","page","type-page","status-publish","hentry"],"_links":{"self":[{"href":"https:\/\/greenfilmshooting.net\/blog\/de\/wp-json\/wp\/v2\/pages\/82","targetHints":{"allow":["GET"]}}],"collection":[{"href":"https:\/\/greenfilmshooting.net\/blog\/de\/wp-json\/wp\/v2\/pages"}],"about":[{"href":"https:\/\/greenfilmshooting.net\/blog\/de\/wp-json\/wp\/v2\/types\/page"}],"author":[{"embeddable":true,"href":"https:\/\/greenfilmshooting.net\/blog\/de\/wp-json\/wp\/v2\/users\/4"}],"replies":[{"embeddable":true,"href":"https:\/\/greenfilmshooting.net\/blog\/de\/wp-json\/wp\/v2\/comments?post=82"}],"version-history":[{"count":29,"href":"https:\/\/greenfilmshooting.net\/blog\/de\/wp-json\/wp\/v2\/pages\/82\/revisions"}],"predecessor-version":[{"id":7560,"href":"https:\/\/greenfilmshooting.net\/blog\/de\/wp-json\/wp\/v2\/pages\/82\/revisions\/7560"}],"wp:attachment":[{"href":"https:\/\/greenfilmshooting.net\/blog\/de\/wp-json\/wp\/v2\/media?parent=82"}],"curies":[{"name":"wp","href":"https:\/\/api.w.org\/{rel}","templated":true}]}}