{"id":893,"date":"2015-02-22T02:18:20","date_gmt":"2015-02-22T02:18:20","guid":{"rendered":"http:\/\/greenfilmshooting.net\/blog\/de\/?page_id=893"},"modified":"2015-02-22T15:22:46","modified_gmt":"2015-02-22T15:22:46","slug":"nic-balthazar","status":"publish","type":"page","link":"https:\/\/greenfilmshooting.net\/blog\/de\/statements\/nic-balthazar\/","title":{"rendered":"Nic Balthazar"},"content":{"rendered":"<p>Regisseur (<em>Ben X, Time of My Life<\/em>)<\/p>\n<p>&nbsp;<\/p>\n<p>\u201eEs ist fantastisch, dass sich mittlerweile Filmemacher auf der ganzen Welt zusammenrei\u00dfen und versuchen, ihre Filme so nachhaltig wie m\u00f6glich zu drehen. Ich denke, wir sollten die starke Kraft der bewegten Bilder nicht untersch\u00e4tzen, welche die Herzen und Seelen der Menschen ver\u00e4ndern.<\/p>\n<p>&nbsp;<\/p>\n<p>Neben dem Versuch, in unserem eigenen Bereich umweltbewusster zu handeln, k\u00f6nnen wir auch das Bewusstsein daf\u00fcr sch\u00e4rfen. Denn Kino kann die Welt ver\u00e4ndern.Die Filmemacher sollten damit beginnen, diese wirkungsvolle Waffe einzusetzen und ihre Kamera in die Hand nehmen.<\/p>\n<p>&nbsp;<\/p>\n<p>Lasst uns nicht nur versuchen, \u201eweniger schlecht\u201c zu sein. Lasst uns versuchen, das Richtige zu tun, um eine Ver\u00e4nderung zu bewirken, die wir alle dringend ben\u00f6tigen.\u201c<\/p>\n<p>&nbsp;<br \/>\nFoto\u00a9 Dirk De Kegel<\/p>\n<p>&nbsp;<\/p>\n<p class=\"western\" lang=\"de-DE\"><\/p><div class=\"twoclick_social_bookmarks_post_893 social_share_privacy clearfix 1.6.4 locale-de_DE sprite-de_DE\"><\/div><div class=\"twoclick-js\"><script type=\"text\/javascript\">\/* <![CDATA[ *\/\njQuery(document).ready(function($){if($('.twoclick_social_bookmarks_post_893')){$('.twoclick_social_bookmarks_post_893').socialSharePrivacy({\"services\":{\"facebook\":{\"status\":\"on\",\"txt_info\":\"2 Klicks f\\u00fcr mehr Datenschutz: Erst wenn Sie hier klicken, wird der Button aktiv und Sie k\\u00f6nnen Ihre Empfehlung an Facebook senden. Schon beim Aktivieren werden Daten an Dritte \\u00fcbertragen - siehe <em>i<\\\/em>.\",\"perma_option\":\"off\",\"action\":\"recommend\",\"language\":\"de_DE\"},\"twitter\":{\"reply_to\":\"\",\"tweet_text\":\"Nic%20Balthazar%20%C2%BB%20Green%20Film%20Shooting\",\"status\":\"on\",\"txt_info\":\"2 Klicks f\\u00fcr mehr Datenschutz: Erst wenn Sie hier klicken, wird der Button aktiv und Sie k\\u00f6nnen Ihre Empfehlung an Twitter senden. Schon beim Aktivieren werden Daten an Dritte \\u00fcbertragen - siehe <em>i<\\\/em>.\",\"perma_option\":\"off\",\"language\":\"de\",\"referrer_track\":\"\"},\"gplus\":{\"status\":\"on\",\"txt_info\":\"2 Klicks f\\u00fcr mehr Datenschutz: Erst wenn Sie hier klicken, wird der Button aktiv und Sie k\\u00f6nnen Ihre Empfehlung an Google+ senden. Schon beim Aktivieren werden Daten an Dritte \\u00fcbertragen - siehe <em>i<\\\/em>.\",\"perma_option\":\"off\",\"referrer_track\":\"\"}},\"txt_help\":\"Wenn Sie diese Felder durch einen Klick aktivieren, werden Informationen an Facebook, Twitter, Flattr, Xing, t3n, LinkedIn, Pinterest oder Google eventuell ins Ausland \\u00fcbertragen und unter Umst\\u00e4nden auch dort gespeichert. N\\u00e4heres erfahren Sie durch einen Klick auf das <em>i<\\\/em>.\",\"settings_perma\":\"Dauerhaft aktivieren und Daten\\u00fcber-tragung zustimmen:\",\"info_link\":\"http:\\\/\\\/www.heise.de\\\/ct\\\/artikel\\\/2-Klicks-fuer-mehr-Datenschutz-1333879.html\",\"uri\":\"https:\\\/\\\/greenfilmshooting.net\\\/blog\\\/de\\\/statements\\\/nic-balthazar\\\/\",\"post_id\":893,\"post_title_referrer_track\":\"Nic+Balthazar\",\"display_infobox\":\"on\"});}});\n\/* ]]> *\/<\/script><\/div>","protected":false},"excerpt":{"rendered":"Regisseur (Ben X, Time of My Life) &nbsp; \u201eEs ist fantastisch, dass sich mittlerweile Filmemacher auf der ganzen Welt zusammenrei\u00dfen und versuchen, ihre Filme so nachhaltig wie m\u00f6glich zu drehen. Ich denke, wir sollten die starke Kraft der bewegten Bilder nicht untersch\u00e4tzen, welche die Herzen und Seelen der Menschen ver\u00e4ndern. &nbsp; Neben dem Versuch, in \u2026 <a class=\"moretag\" href=\"https:\/\/greenfilmshooting.net\/blog\/de\/statements\/nic-balthazar\/\">Read more<\/a>","protected":false},"author":4,"featured_media":894,"parent":34,"menu_order":0,"comment_status":"open","ping_status":"open","template":"","meta":{"_monsterinsights_skip_tracking":false,"_monsterinsights_sitenote_active":false,"_monsterinsights_sitenote_note":"","_monsterinsights_sitenote_category":0,"footnotes":""},"class_list":["post-893","page","type-page","status-publish","has-post-thumbnail","hentry"],"_links":{"self":[{"href":"https:\/\/greenfilmshooting.net\/blog\/de\/wp-json\/wp\/v2\/pages\/893","targetHints":{"allow":["GET"]}}],"collection":[{"href":"https:\/\/greenfilmshooting.net\/blog\/de\/wp-json\/wp\/v2\/pages"}],"about":[{"href":"https:\/\/greenfilmshooting.net\/blog\/de\/wp-json\/wp\/v2\/types\/page"}],"author":[{"embeddable":true,"href":"https:\/\/greenfilmshooting.net\/blog\/de\/wp-json\/wp\/v2\/users\/4"}],"replies":[{"embeddable":true,"href":"https:\/\/greenfilmshooting.net\/blog\/de\/wp-json\/wp\/v2\/comments?post=893"}],"version-history":[{"count":6,"href":"https:\/\/greenfilmshooting.net\/blog\/de\/wp-json\/wp\/v2\/pages\/893\/revisions"}],"predecessor-version":[{"id":915,"href":"https:\/\/greenfilmshooting.net\/blog\/de\/wp-json\/wp\/v2\/pages\/893\/revisions\/915"}],"up":[{"embeddable":true,"href":"https:\/\/greenfilmshooting.net\/blog\/de\/wp-json\/wp\/v2\/pages\/34"}],"wp:featuredmedia":[{"embeddable":true,"href":"https:\/\/greenfilmshooting.net\/blog\/de\/wp-json\/wp\/v2\/media\/894"}],"wp:attachment":[{"href":"https:\/\/greenfilmshooting.net\/blog\/de\/wp-json\/wp\/v2\/media?parent=893"}],"curies":[{"name":"wp","href":"https:\/\/api.w.org\/{rel}","templated":true}]}}