{"id":922,"date":"2015-02-24T02:24:28","date_gmt":"2015-02-24T02:24:28","guid":{"rendered":"http:\/\/greenfilmshooting.net\/blog\/de\/?page_id=922"},"modified":"2015-02-24T21:21:28","modified_gmt":"2015-02-24T21:21:28","slug":"hannes-jaenicke","status":"publish","type":"page","link":"https:\/\/greenfilmshooting.net\/blog\/de\/statements\/hannes-jaenicke\/","title":{"rendered":"Hannes Jaenicke"},"content":{"rendered":"<p>Schauspieler und Filmemacher<\/p>\n<p>&quot;Es ist h\u00f6chste Zeit, Dreharbeiten in Deutschland endlich ein wenig &#8218;gr\u00fcner&#8216; und nachhaltiger zu organisieren. Bisher staune ich Baukl\u00f6tze, wie umweltfeindlich der Gro\u00dfteil unserer Branche arbeitet.<\/p>\n<p>&nbsp;<\/p>\n<p>Das f\u00e4ngt mit den bis heute nur einseitig bedruckten Drehb\u00fcchern an, geht mit den PET-Flaschen in Produktionsb\u00fcros und den Unmengen an Plastikm\u00fcll bei jedem Catering weiter und h\u00f6rt bei den dicken Limousinen zwecks Roter-Teppich-Vorfahrten leider nicht auf.<\/p>\n<p>&nbsp;<\/p>\n<p>Ich lasse mich seit Jahren gerne bel\u00e4cheln, wenn ich mit meiner eigenen Tasse komme und mich weigere, von Papp- oder Plastiktellern und mit Plastik-Besteck Billigfleisch zu mampfen. Es w\u00e4re gro\u00dfartig, wenn der Gr\u00fcne Drehpass hier etwas ver\u00e4ndern k\u00f6nnte.&quot;<\/p>\n<p>&nbsp;<\/p>\n<p>Foto \u00a9 Carsten Sander<\/p><div class=\"twoclick_social_bookmarks_post_922 social_share_privacy clearfix 1.6.4 locale-de_DE sprite-de_DE\"><\/div><div class=\"twoclick-js\"><script type=\"text\/javascript\">\/* <![CDATA[ *\/\njQuery(document).ready(function($){if($('.twoclick_social_bookmarks_post_922')){$('.twoclick_social_bookmarks_post_922').socialSharePrivacy({\"services\":{\"facebook\":{\"status\":\"on\",\"txt_info\":\"2 Klicks f\\u00fcr mehr Datenschutz: Erst wenn Sie hier klicken, wird der Button aktiv und Sie k\\u00f6nnen Ihre Empfehlung an Facebook senden. Schon beim Aktivieren werden Daten an Dritte \\u00fcbertragen - siehe <em>i<\\\/em>.\",\"perma_option\":\"off\",\"action\":\"recommend\",\"language\":\"de_DE\"},\"twitter\":{\"reply_to\":\"\",\"tweet_text\":\"Hannes%20Jaenicke%20%C2%BB%20Green%20Film%20Shooting\",\"status\":\"on\",\"txt_info\":\"2 Klicks f\\u00fcr mehr Datenschutz: Erst wenn Sie hier klicken, wird der Button aktiv und Sie k\\u00f6nnen Ihre Empfehlung an Twitter senden. Schon beim Aktivieren werden Daten an Dritte \\u00fcbertragen - siehe <em>i<\\\/em>.\",\"perma_option\":\"off\",\"language\":\"de\",\"referrer_track\":\"\"},\"gplus\":{\"status\":\"on\",\"txt_info\":\"2 Klicks f\\u00fcr mehr Datenschutz: Erst wenn Sie hier klicken, wird der Button aktiv und Sie k\\u00f6nnen Ihre Empfehlung an Google+ senden. Schon beim Aktivieren werden Daten an Dritte \\u00fcbertragen - siehe <em>i<\\\/em>.\",\"perma_option\":\"off\",\"referrer_track\":\"\"}},\"txt_help\":\"Wenn Sie diese Felder durch einen Klick aktivieren, werden Informationen an Facebook, Twitter, Flattr, Xing, t3n, LinkedIn, Pinterest oder Google eventuell ins Ausland \\u00fcbertragen und unter Umst\\u00e4nden auch dort gespeichert. N\\u00e4heres erfahren Sie durch einen Klick auf das <em>i<\\\/em>.\",\"settings_perma\":\"Dauerhaft aktivieren und Daten\\u00fcber-tragung zustimmen:\",\"info_link\":\"http:\\\/\\\/www.heise.de\\\/ct\\\/artikel\\\/2-Klicks-fuer-mehr-Datenschutz-1333879.html\",\"uri\":\"https:\\\/\\\/greenfilmshooting.net\\\/blog\\\/de\\\/statements\\\/hannes-jaenicke\\\/\",\"post_id\":922,\"post_title_referrer_track\":\"Hannes+Jaenicke\",\"display_infobox\":\"on\"});}});\n\/* ]]> *\/<\/script><\/div>","protected":false},"excerpt":{"rendered":"Schauspieler und Filmemacher &quot;Es ist h\u00f6chste Zeit, Dreharbeiten in Deutschland endlich ein wenig &#8218;gr\u00fcner&#8216; und nachhaltiger zu organisieren. Bisher staune ich Baukl\u00f6tze, wie umweltfeindlich der Gro\u00dfteil unserer Branche arbeitet. &nbsp; Das f\u00e4ngt mit den bis heute nur einseitig bedruckten Drehb\u00fcchern an, geht mit den PET-Flaschen in Produktionsb\u00fcros und den Unmengen an Plastikm\u00fcll bei jedem Catering \u2026 <a class=\"moretag\" href=\"https:\/\/greenfilmshooting.net\/blog\/de\/statements\/hannes-jaenicke\/\">Read more<\/a>","protected":false},"author":4,"featured_media":921,"parent":34,"menu_order":0,"comment_status":"open","ping_status":"open","template":"page-statments.php","meta":{"_monsterinsights_skip_tracking":false,"_monsterinsights_sitenote_active":false,"_monsterinsights_sitenote_note":"","_monsterinsights_sitenote_category":0,"footnotes":""},"class_list":["post-922","page","type-page","status-publish","has-post-thumbnail","hentry"],"_links":{"self":[{"href":"https:\/\/greenfilmshooting.net\/blog\/de\/wp-json\/wp\/v2\/pages\/922","targetHints":{"allow":["GET"]}}],"collection":[{"href":"https:\/\/greenfilmshooting.net\/blog\/de\/wp-json\/wp\/v2\/pages"}],"about":[{"href":"https:\/\/greenfilmshooting.net\/blog\/de\/wp-json\/wp\/v2\/types\/page"}],"author":[{"embeddable":true,"href":"https:\/\/greenfilmshooting.net\/blog\/de\/wp-json\/wp\/v2\/users\/4"}],"replies":[{"embeddable":true,"href":"https:\/\/greenfilmshooting.net\/blog\/de\/wp-json\/wp\/v2\/comments?post=922"}],"version-history":[{"count":1,"href":"https:\/\/greenfilmshooting.net\/blog\/de\/wp-json\/wp\/v2\/pages\/922\/revisions"}],"predecessor-version":[{"id":923,"href":"https:\/\/greenfilmshooting.net\/blog\/de\/wp-json\/wp\/v2\/pages\/922\/revisions\/923"}],"up":[{"embeddable":true,"href":"https:\/\/greenfilmshooting.net\/blog\/de\/wp-json\/wp\/v2\/pages\/34"}],"wp:featuredmedia":[{"embeddable":true,"href":"https:\/\/greenfilmshooting.net\/blog\/de\/wp-json\/wp\/v2\/media\/921"}],"wp:attachment":[{"href":"https:\/\/greenfilmshooting.net\/blog\/de\/wp-json\/wp\/v2\/media?parent=922"}],"curies":[{"name":"wp","href":"https:\/\/api.w.org\/{rel}","templated":true}]}}